{"id":3583,"date":"2022-03-02T15:31:15","date_gmt":"2022-03-02T15:31:15","guid":{"rendered":"https:\/\/pasteur.uy\/who-we-are\/"},"modified":"2025-09-25T12:23:33","modified_gmt":"2025-09-25T15:23:33","slug":"who-we-are","status":"publish","type":"page","link":"https:\/\/pasteur.uy\/en\/who-we-are\/","title":{"rendered":"Who we are"},"content":{"rendered":"<p>[et_pb_section fb_built=&#8221;1&#8243; _builder_version=&#8221;4.16&#8243; _module_preset=&#8221;default&#8221; background_image=&#8221;https:\/\/pasteur.uy\/wp-content\/uploads\/2022\/01\/DJI_0257.png&#8221; height=&#8221;214px&#8221; global_colors_info=&#8221;{}&#8221;][\/et_pb_section][et_pb_section fb_built=&#8221;1&#8243; _builder_version=&#8221;4.16&#8243; _module_preset=&#8221;default&#8221; global_colors_info=&#8221;{}&#8221;][et_pb_row column_structure=&#8221;2_5,3_5&#8243; _builder_version=&#8221;4.16&#8243; _module_preset=&#8221;default&#8221; max_width=&#8221;75%&#8221; animation_style=&#8221;fade&#8221; animation_duration=&#8221;700ms&#8221; global_colors_info=&#8221;{}&#8221;][et_pb_column type=&#8221;2_5&#8243; _builder_version=&#8221;4.16&#8243; _module_preset=&#8221;default&#8221; global_colors_info=&#8221;{}&#8221;][et_pb_text _builder_version=&#8221;4.16&#8243; _module_preset=&#8221;default&#8221; text_font=&#8221;Titillium Web|700|||||||&#8221; header_font=&#8221;Titillium Web|700|||||||&#8221; header_text_color=&#8221;#005293&#8243; header_font_size=&#8221;44px&#8221; global_colors_info=&#8221;{}&#8221;]<\/p>\n<h1>The Institut Pasteur de Montevideo<\/h1>\n<p>[\/et_pb_text][et_pb_text _builder_version=&#8221;4.27.4&#8243; _module_preset=&#8221;default&#8221; global_colors_info=&#8221;{}&#8221;]<\/p>\n<p>The Institut Pasteur de Montevideo (IP Montevideo) is a member of the Pasteur Network, composed of 32 independent centres located in five continents and united by the same values.<\/p>\n<p><\/p>\n<p>Dedicated to scientific research in biomedicine, IP Montevideo is composed by high-tech scientific platforms in areas such as genomics, proteomics, bioinformatics, molecular and cellular biology; laboratories are open to young scientists\u2019 research projects; it has become an international education centre with courses on the latest biological knowledge and state-of-the-art technologies; and promotes start-ups for the development of biotechnological applications<\/p>\n<p><\/p>\n<p>Founded on July 14th, 2004, the institute was born through an emblematic agreement between the French and the Uruguayan Government, under the presidency of Dr. Jorge Batlle.<\/p>\n<p>[\/et_pb_text][et_pb_image src=&#8221;https:\/\/pasteur.estudiomacarron.com\/wp-content\/uploads\/2022\/01\/230351355_273439807918389_362342121756104456_n-1.jpg&#8221; title_text=&#8221;230351355_273439807918389_362342121756104456_n&#8221; _builder_version=&#8221;4.16&#8243; _module_preset=&#8221;default&#8221; global_colors_info=&#8221;{}&#8221;][\/et_pb_image][\/et_pb_column][et_pb_column type=&#8221;3_5&#8243; _builder_version=&#8221;4.16&#8243; _module_preset=&#8221;default&#8221; global_colors_info=&#8221;{}&#8221;][et_pb_text _builder_version=&#8221;4.16&#8243; _module_preset=&#8221;default&#8221; global_colors_info=&#8221;{}&#8221;]<\/p>\n<p>The Uruguayan Government and the University of the Republic (the only state university in Uruguay) together with the Institut Pasteur de Paris created a foundation with the purpose to produce and disseminate scientific and technological research in the field of human health, following the same objectives of the French headquarter.<\/p>\n<p>          <\/p>\n<p>Formally, the IP Montevideo was inaugurated on December 8th, 2006 by the president of the republic \u2014at the time, Dr. Tabar\u00e9 v\u00e1zquez\u2014 and authorities of France. It began to operate in February 2007.<\/p>\n<p>[\/et_pb_text][et_pb_text _builder_version=&#8221;4.16&#8243; _module_preset=&#8221;default&#8221; text_font=&#8221;|700|||||||&#8221; text_text_color=&#8221;#ce8e00&#8243; text_font_size=&#8221;26px&#8221; text_line_height=&#8221;28px&#8221; header_2_font=&#8221;|300|||||||&#8221; header_2_text_color=&#8221;#c6c6c6&#8243; header_2_font_size=&#8221;19px&#8221; global_colors_info=&#8221;{}&#8221;]<\/p>\n<div class=\"fusion-layout-column fusion_builder_column fusion_builder_column_1_2 fusion-one-half fusion-column-first 1_2\">\n<div class=\"fusion-column-wrapper\" data-bg-url=\"\">\n<div class=\"fusion-text\">\n<h2>Mission<\/h2>\n<p>To produce international quality science in the field of biology, articulating research, applications and the training of specialized human resources; and to contribute to the development of Uruguayan science and biotechnology.<\/p>\n<\/p><\/div>\n<p>            <\/div>\n<p>          <\/div>\n<p>          <\/p>\n<div class=\"fusion-layout-column fusion_builder_column fusion_builder_column_1_2 fusion-one-half fusion-column-last 1_2\">\n<div class=\"fusion-column-wrapper\" data-bg-url=\"\">\n<div class=\"fusion-title title fusion-sep-none fusion-title-center fusion-title-size-two fusion-border-below-title\"><\/div>\n<p>            <\/div>\n<p>          <\/div>\n<p>[\/et_pb_text][et_pb_divider color=&#8221;#005293&#8243; divider_weight=&#8221;2px&#8221; _builder_version=&#8221;4.16&#8243; _module_preset=&#8221;default&#8221; width=&#8221;13%&#8221; custom_margin=&#8221;||10px||false|false&#8221; global_colors_info=&#8221;{}&#8221;][\/et_pb_divider][et_pb_text _builder_version=&#8221;4.16&#8243; _module_preset=&#8221;default&#8221; text_font=&#8221;|700|||||||&#8221; text_text_color=&#8221;#ce8e00&#8243; text_font_size=&#8221;26px&#8221; text_line_height=&#8221;28px&#8221; header_2_font=&#8221;|300|||||||&#8221; header_2_text_color=&#8221;#c6c6c6&#8243; header_2_font_size=&#8221;19px&#8221; global_colors_info=&#8221;{}&#8221;]<\/p>\n<div class=\"fusion-layout-column fusion_builder_column fusion_builder_column_1_2 fusion-one-half fusion-column-first 1_2\">\n<div class=\"fusion-column-wrapper\" data-bg-url=\"\">\n<div class=\"fusion-text\">\n<h2>Vision<\/h2>\n<p>\n                  <span>To be a scientific and technological centre of international level in the field of biomedicine, capable of exploiting the great opportunities offered by the development of biology and biotechnology.<\/span>\n                <\/p>\n<\/p><\/div>\n<p>            <\/div>\n<p>          <\/div>\n<p>          <\/p>\n<div class=\"fusion-layout-column fusion_builder_column fusion_builder_column_1_2 fusion-one-half fusion-column-last 1_2\">\n<div class=\"fusion-column-wrapper\" data-bg-url=\"\">\n<div class=\"fusion-title title fusion-sep-none fusion-title-center fusion-title-size-two fusion-border-below-title\"><\/div>\n<p>            <\/div>\n<p>          <\/div>\n<p>[\/et_pb_text][\/et_pb_column][\/et_pb_row][et_pb_row column_structure=&#8221;1_3,1_3,1_3&#8243; use_custom_gutter=&#8221;on&#8221; gutter_width=&#8221;2&#8243; make_equal=&#8221;on&#8221; _builder_version=&#8221;4.16&#8243; _module_preset=&#8221;default&#8221; max_width=&#8221;75%&#8221; animation_style=&#8221;fade&#8221; global_colors_info=&#8221;{}&#8221;][et_pb_column type=&#8221;1_3&#8243; _builder_version=&#8221;4.16&#8243; _module_preset=&#8221;default&#8221; background_color=&#8221;#000000&#8243; custom_padding=&#8221;30px|30px|30px|30px|true|true&#8221; global_colors_info=&#8221;{}&#8221;][et_pb_text _builder_version=&#8221;4.16&#8243; _module_preset=&#8221;default&#8221; text_text_color=&#8221;#FFFFFF&#8221; text_font_size=&#8221;13px&#8221; text_line_height=&#8221;16px&#8221; ul_line_height=&#8221;16px&#8221; header_text_color=&#8221;#FFFFFF&#8221; header_2_font=&#8221;|700|||||||&#8221; header_2_text_color=&#8221;#FFFFFF&#8221; header_2_font_size=&#8221;20px&#8221; global_colors_info=&#8221;{}&#8221;]<\/p>\n<div class=\"fusion-layout-column fusion_builder_column fusion_builder_column_1_1 fusion-one-full fusion-column-first fusion-column-last 1_1\">\n<div class=\"fusion-column-wrapper\" data-bg-url=\"\">\n<div class=\"fusion-text\">\n<h2>Fundational Institutions<\/h2>\n<p><\/br En la gestaci\u00f3n e integraci\u00f3n del Institut Pasteur de Montevideo participaron institucionales fundacionales que colaboraron aportando financiaci\u00f3n y recursos humanos. Estas instituciones, cuya vinculaci\u00f3n se mantiene hasta la actualidad, son: <span style=\"font-size: 13px;\"> <\/span><\/p>\n<ul>\n<li>Uruguayan Government, through its Executive branch, with representatives of the <a href=\"https:\/\/www.mef.gub.uy\/\" target=\"_blank\" rel=\"noopener\"> Ministry of Economy and Finance<\/a>, <a href=\"http:\/\/www.mec.gub.uy\/\" target=\"_blank\" rel=\"noopener\">Ministry of Education and Culture<\/a>, and <a href=\"http:\/\/www.msp.gub.uy\/\" target=\"_blank\" rel=\"noopener\">Ministry of Public Health<\/a>.<\/li>\n<li><a href=\"http:\/\/www.universidad.edu.uy\/\" target=\"_blank\" rel=\"noopener\">University of the Republic<\/a><\/li>\n<li><a href=\"https:\/\/www.pasteur.fr\/en\" target=\"_blank\" rel=\"noopener\">Institut Pasteur de Paris<\/a> and the French Government, , represented by the <a href=\"https:\/\/uy.ambafrance.org\/\" target=\"_blank\" rel=\"noopener\">ambassador of France in Uruguay<\/a>.<\/li>\n<li><a href=\"http:\/\/www.iibce.edu.uy\/\" target=\"_blank\" rel=\"noopener\">The Institute of Biological Research \u201cClemente Estable\u201d <\/a> (IIBCE)<\/li>\n<\/ul>\n<\/div>\n<p>            <\/div>\n<p>          <\/div>\n<p>          <\/p>\n<div class=\"fusion-layout-column fusion_builder_column fusion_builder_column_1_1 fusion-one-full fusion-column-first fusion-column-last 1_1\">\n<div class=\"fusion-column-wrapper\" data-bg-url=\"\">\n<div class=\"fusion-text\">\n<p>Since the founding of the IP Montevideo, several of these institutions are members of its Administrative Board. It is currently composed of three advisers from IP Paris, two from the Uruguayan government, and two from the University of the Republic.<\/p>\n<\/div>\n<p>            <\/div>\n<p>          <\/div>\n<p>[\/et_pb_text][\/et_pb_column][et_pb_column type=&#8221;1_3&#8243; _builder_version=&#8221;4.16&#8243; _module_preset=&#8221;default&#8221; background_color=&#8221;#000000&#8243; custom_padding=&#8221;30px|30px|30px|30px|true|true&#8221; global_colors_info=&#8221;{}&#8221;][et_pb_text _builder_version=&#8221;4.27.4&#8243; _module_preset=&#8221;default&#8221; text_text_color=&#8221;#FFFFFF&#8221; text_font_size=&#8221;13px&#8221; text_line_height=&#8221;16px&#8221; ul_line_height=&#8221;16px&#8221; header_text_color=&#8221;#FFFFFF&#8221; header_2_font=&#8221;|700|||||||&#8221; header_2_text_color=&#8221;#FFFFFF&#8221; header_2_font_size=&#8221;20px&#8221; hover_enabled=&#8221;0&#8243; global_colors_info=&#8221;{}&#8221; sticky_enabled=&#8221;0&#8243;]<\/p>\n<div class=\"fusion-layout-column fusion_builder_column fusion_builder_column_1_1 fusion-one-full fusion-column-first fusion-column-last 1_1\">\n<div class=\"fusion-column-wrapper\" data-bg-url=\"\">\n<div class=\"fusion-text\">\n<h2>Pasteur Network<\/h2>\n<p>The Pasteur Network brings together 32 institutions located in 25 countries on all continents, united by common missions and values, working for the benefit of the population and according to the specificities of each country.<\/p>\n<p>Inspired and moved by Pasteurian ethics and values \u2014which include excellence, scientific rigor and universal values\u2014, the Pasteur Network works to improve human health through:<\/p>\n<p>&nbsp;<\/p>\n<div class=\"fusion-li-item-content\">\n<ul>\n<li>Scientific research in biomedicine<\/li>\n<li>Public health activities<\/li>\n<li>Training of human resources<\/li>\n<li>Innovation and technology transfer<\/li>\n<\/ul>\n<\/div>\n<p><\/div>\n<p><\/div>\n<p><\/div>\n<p><\/p>\n<div class=\"fusion-layout-column fusion_builder_column fusion_builder_column_1_1 fusion-one-full fusion-column-first fusion-column-last 1_1\">\n<div class=\"fusion-column-wrapper\" data-bg-url=\"\">\n<div class=\"fusion-text\">\n<div class=\"fusion-fullwidth fullwidth-box nonhundred-percent-fullwidth non-hundred-percent-height-scrolling\">\n<div class=\"fusion-builder-row fusion-row \">\n<div class=\"fusion-layout-column fusion_builder_column fusion_builder_column_1_1 fusion-one-full fusion-column-first fusion-column-last 1_1\">\n<div class=\"fusion-column-wrapper\" data-bg-url=\"\">\n<div class=\"fusion-tabs fusion-tabs-1 classic horizontal-tabs icon-position-left\">\n<div class=\"tab-content\">\n<div id=\"tab-42d1fac870060ae7b1c\" class=\"tab-pane fade active in\">\n<div class=\"fusion-builder-row fusion-builder-row-inner fusion-row \">\n<div class=\"fusion-layout-column fusion_builder_column fusion_builder_column_1_2 fusion-one-half fusion-column-last 1_2\">\n<div class=\"fusion-column-wrapper\" data-bg-url=\"\">\n<div class=\"fusion-text\">\n<p>These activities are carried out with the aim to promote sustainable development based on the strengthening of local capacities in respect of human rights and the environment.<\/p>\n<\/div>\n<p><\/div>\n<p><\/div>\n<p><\/div>\n<p><\/div>\n<p><\/div>\n<p><\/div>\n<p><\/p>\n<div class=\"fusion-clearfix\">\u00a0<\/div>\n<p><\/div>\n<p><\/div>\n<p><\/div>\n<p><\/div>\n<p><\/p>\n<div class=\"fusion-fullwidth fullwidth-box container_footer hundred-percent-fullwidth non-hundred-percent-height-scrolling\">\n<div class=\"fusion-builder-row fusion-row \">\n<div class=\"fusion-layout-column fusion_builder_column fusion_builder_column_1_5 fusion-one-fifth fusion-column-first 1_5\">\n<div class=\"fusion-column-wrapper\" data-bg-url=\"\">\n<div class=\"fusion-widget-area fusion-widget-area-1 fusion-content-widget-area\">\u00a0<\/div>\n<p><\/div>\n<p><\/div>\n<p><\/div>\n<p><\/div>\n<p><\/div>\n<p><\/div>\n<p><\/div>\n<p>[\/et_pb_text][\/et_pb_column][et_pb_column type=&#8221;1_3&#8243; _builder_version=&#8221;4.16&#8243; _module_preset=&#8221;default&#8221; background_color=&#8221;#000000&#8243; custom_padding=&#8221;30px|30px|30px|30px|true|true&#8221; global_colors_info=&#8221;{}&#8221;][et_pb_text _builder_version=&#8221;4.16&#8243; _module_preset=&#8221;default&#8221; text_text_color=&#8221;#FFFFFF&#8221; text_font_size=&#8221;13px&#8221; text_line_height=&#8221;16px&#8221; ul_line_height=&#8221;16px&#8221; header_text_color=&#8221;#FFFFFF&#8221; header_2_font=&#8221;|700|||||||&#8221; header_2_text_color=&#8221;#FFFFFF&#8221; header_2_font_size=&#8221;20px&#8221; global_colors_info=&#8221;{}&#8221;]<\/p>\n<div class=\"fusion-layout-column fusion_builder_column fusion_builder_column_1_1 fusion-one-full fusion-column-first fusion-column-last 1_1\">\n<div class=\"fusion-column-wrapper\" data-bg-url=\"\">\n<div class=\"fusion-text\">\n<h2>Organizational values<\/h2>\n<p><span>Our <\/span><strong>VALUES<span> <\/span><\/strong>are:<\/p>\n<ul>\n<li>Have a humanist commitment, ensuring that the knowledge generated is beneficial for society.<\/li>\n<li>Achieve excellence in each of the actions, supporting the professional and personal development of all the people who work at the institute.<\/li>\n<li>Preserve a friendly, respectful and creative work environment; cultivating teamwork.<\/li>\n<li>Deepen the philosophy of &#8220;open&#8221; work, favoring collaborations at national and international levels.<\/li>\n<\/ul>\n<p>\n                  <em>In line with our institutional values, the Institut Pasteur de Montevideo is an institution committed to promoting an organizational culture with gender equality. The institution adheres to Law N\u00ba. 17.817 on the fight against racism, xenophobia and all other forms of discrimination and Law N\u00ba. 18.104 on equal rights and opportunities between men and women.<\/em>\n                <\/p>\n<\/p><\/div>\n<p>            <\/div>\n<p>          <\/div>\n<p>[\/et_pb_text][\/et_pb_column][\/et_pb_row][\/et_pb_section]<\/p>\n","protected":false},"excerpt":{"rendered":"<p>The Institut Pasteur de MontevideoThe Institut Pasteur de Montevideo (IP Montevideo) is a member of the Pasteur Network, composed of 32 independent centres located in five continents and united by the same values.Dedicated to scientific research in biomedicine, IP Montevideo is composed by high-tech scientific platforms in areas such as genomics, proteomics, bioinformatics, molecular and [&hellip;]<\/p>\n","protected":false},"author":2,"featured_media":0,"parent":0,"menu_order":0,"comment_status":"closed","ping_status":"closed","template":"","meta":{"_acf_changed":false,"_et_pb_use_builder":"on","_et_pb_old_content":"","_et_gb_content_width":"","footnotes":""},"dipi_cpt_category":[],"class_list":["post-3583","page","type-page","status-publish","hentry"],"acf":[],"_links":{"self":[{"href":"https:\/\/pasteur.uy\/en\/wp-json\/wp\/v2\/pages\/3583","targetHints":{"allow":["GET"]}}],"collection":[{"href":"https:\/\/pasteur.uy\/en\/wp-json\/wp\/v2\/pages"}],"about":[{"href":"https:\/\/pasteur.uy\/en\/wp-json\/wp\/v2\/types\/page"}],"author":[{"embeddable":true,"href":"https:\/\/pasteur.uy\/en\/wp-json\/wp\/v2\/users\/2"}],"replies":[{"embeddable":true,"href":"https:\/\/pasteur.uy\/en\/wp-json\/wp\/v2\/comments?post=3583"}],"version-history":[{"count":5,"href":"https:\/\/pasteur.uy\/en\/wp-json\/wp\/v2\/pages\/3583\/revisions"}],"predecessor-version":[{"id":24852834,"href":"https:\/\/pasteur.uy\/en\/wp-json\/wp\/v2\/pages\/3583\/revisions\/24852834"}],"wp:attachment":[{"href":"https:\/\/pasteur.uy\/en\/wp-json\/wp\/v2\/media?parent=3583"}],"wp:term":[{"taxonomy":"dipi_cpt_category","embeddable":true,"href":"https:\/\/pasteur.uy\/en\/wp-json\/wp\/v2\/dipi_cpt_category?post=3583"}],"curies":[{"name":"wp","href":"https:\/\/api.w.org\/{rel}","templated":true}]}}