{"id":5175,"date":"2022-04-04T15:35:55","date_gmt":"2022-04-04T15:35:55","guid":{"rendered":"https:\/\/pasteur.uy\/heads-of-labs-and-units\/martina-crispo\/"},"modified":"2022-08-17T16:16:59","modified_gmt":"2022-08-17T16:16:59","slug":"martina-crispo","status":"publish","type":"page","link":"https:\/\/pasteur.uy\/en\/heads-of-labs-and-units\/martina-crispo\/","title":{"rendered":"Martina Crispo"},"content":{"rendered":"<p>[et_pb_section fb_built=&#8221;1&#8243; _builder_version=&#8221;4.14.6&#8243; _module_preset=&#8221;default&#8221; custom_margin=&#8221;||||false|false&#8221; custom_margin_last_edited=&#8221;off|desktop&#8221; custom_padding=&#8221;||0px||false|false&#8221; global_colors_info=&#8221;{}&#8221;][et_pb_row column_structure=&#8221;1_3,2_3&#8243; use_custom_gutter=&#8221;on&#8221; gutter_width=&#8221;2&#8243; _builder_version=&#8221;4.14.6&#8243; _module_preset=&#8221;default&#8221; max_width=&#8221;75%&#8221; custom_margin=&#8221;||||false|false&#8221; custom_margin_tablet=&#8221;||||false|false&#8221; custom_margin_phone=&#8221;||||false|false&#8221; custom_margin_last_edited=&#8221;on|desktop&#8221; custom_padding=&#8221;||10px||false|false&#8221; animation_style=&#8221;fade&#8221; animation_duration=&#8221;300ms&#8221; global_colors_info=&#8221;{}&#8221;][et_pb_column type=&#8221;1_3&#8243; _builder_version=&#8221;4.14.4&#8243; _module_preset=&#8221;default&#8221; global_colors_info=&#8221;{}&#8221;][et_pb_image src=&#8221;https:\/\/pasteur.uy\/wp-content\/uploads\/2022\/01\/Crispo-Martina-1.jpg&#8221; title_text=&#8221;Crispo, Martina 1&#8243; _builder_version=&#8221;4.14.6&#8243; _module_preset=&#8221;default&#8221; max_width=&#8221;75%&#8221; global_colors_info=&#8221;{}&#8221;][\/et_pb_image][\/et_pb_column][et_pb_column type=&#8221;2_3&#8243; _builder_version=&#8221;4.14.4&#8243; _module_preset=&#8221;default&#8221; global_colors_info=&#8221;{}&#8221;][et_pb_text _builder_version=&#8221;4.14.6&#8243; _module_preset=&#8221;default&#8221; text_font=&#8221;|700|||||||&#8221; text_font_size=&#8221;21px&#8221; header_font=&#8221;|700|||||||&#8221; header_text_color=&#8221;#005293&#8243; header_font_size=&#8221;39px&#8221; custom_margin=&#8221;||0px||false|false&#8221; custom_padding=&#8221;||0px||false|false&#8221; global_colors_info=&#8221;{}&#8221;]<\/p>\n<h1>Martina Crispo<\/h1>\n<p>[\/et_pb_text][et_pb_text _builder_version=&#8221;4.14.6&#8243; _module_preset=&#8221;default&#8221; custom_margin=&#8221;||0px||false|false&#8221; custom_padding=&#8221;||0px||false|false&#8221; hover_enabled=&#8221;0&#8243; global_colors_info=&#8221;{}&#8221; sticky_enabled=&#8221;0&#8243;]<\/p>\n<p class=\"et_pb_member_position et-fb-editable-element et-fb-editable-element__editing\" data-shortcode-id=\"0.0.0.0-1643373697362\" data-quickaccess-id=\"position\" contenteditable=\"true\">\n            <span>Martina Crispo, DVM, PhD<\/span>\n          <\/p>\n<div data-shortcode-id=\"0.0.0.0-1643374141066\" data-quickaccess-id=\"body\" data-quickaccess-editable=\"yes\" class=\"et-fb-popover-tinymce\">\n<div class=\"mce-content-body\" contenteditable=\"true\" style=\"position: relative;\">\n<p>\n                <a href=\"mailto:crispo@pasteur.edu.uy\">crispo@pasteur.edu.uy<\/a>\n              <\/p>\n<\/p><\/div>\n<\/p><\/div>\n<p>[\/et_pb_text][et_pb_divider color=&#8221;#ce8e00&#8243; divider_position=&#8221;center&#8221; divider_weight=&#8221;3px&#8221; _builder_version=&#8221;4.14.6&#8243; _module_preset=&#8221;default&#8221; width=&#8221;7%&#8221; width_tablet=&#8221;13%&#8221; width_phone=&#8221;15%&#8221; width_last_edited=&#8221;on|phone&#8221; custom_margin=&#8221;0px||0px||false|false&#8221; custom_margin_tablet=&#8221;0px||0px||false|false&#8221; custom_margin_phone=&#8221;||||false|false&#8221; custom_margin_last_edited=&#8221;on|phone&#8221; custom_padding=&#8221;0px||0px||false|false&#8221; global_colors_info=&#8221;{}&#8221;][\/et_pb_divider][et_pb_text _builder_version=&#8221;4.14.6&#8243; _module_preset=&#8221;default&#8221; text_font=&#8221;|300||on|||||&#8221; text_font_size=&#8221;18px&#8221; max_width=&#8221;38%&#8221; max_width_tablet=&#8221;70%&#8221; max_width_phone=&#8221;100%&#8221; max_width_last_edited=&#8221;on|phone&#8221; custom_margin_tablet=&#8221;&#8221; custom_margin_phone=&#8221;||20px||false|false&#8221; custom_margin_last_edited=&#8221;on|desktop&#8221; custom_padding=&#8221;||||false|false&#8221; global_colors_info=&#8221;{}&#8221;]<\/p>\n<p>Biotechnology in <br \/>Laboratory Animals Unit<\/p>\n<p>[\/et_pb_text][\/et_pb_column][\/et_pb_row][\/et_pb_section][et_pb_section fb_built=&#8221;1&#8243; _builder_version=&#8221;4.14.6&#8243; _module_preset=&#8221;default&#8221; custom_padding=&#8221;0px||0px||false|false&#8221; animation_style=&#8221;fade&#8221; animation_duration=&#8221;500ms&#8221; global_colors_info=&#8221;{}&#8221;][et_pb_row column_structure=&#8221;1_3,1_3,1_3&#8243; use_custom_gutter=&#8221;on&#8221; gutter_width=&#8221;1&#8243; custom_padding_last_edited=&#8221;on|phone&#8221; module_class=&#8221;df-buttons &#8221; _builder_version=&#8221;4.14.6&#8243; _module_preset=&#8221;default&#8221; max_width=&#8221;75%&#8221; custom_margin=&#8221;||0px||false|false&#8221; custom_margin_tablet=&#8221;||0px||false|false&#8221; custom_margin_phone=&#8221;||0px||false|false&#8221; custom_margin_last_edited=&#8221;on|phone&#8221; custom_padding=&#8221;18px||0px||false|false&#8221; custom_padding_tablet=&#8221;18px||0px||false|false&#8221; custom_padding_phone=&#8221;2px||||false|false&#8221; border_width_bottom=&#8221;1px&#8221; border_color_bottom=&#8221;#005293&#8243; global_colors_info=&#8221;{}&#8221;][et_pb_column type=&#8221;1_3&#8243; _builder_version=&#8221;4.14.6&#8243; _module_preset=&#8221;default&#8221; global_colors_info=&#8221;{}&#8221;][et_pb_button button_text=&#8221;Education&#8221; button_alignment=&#8221;center&#8221; button_text_tablet=&#8221;Education&#8221; button_text_phone=&#8221;Education&#8221; button_text_last_edited=&#8221;on|desktop&#8221; module_class=&#8221;df-button dfc-educacion&#8221; _builder_version=&#8221;4.14.6&#8243; _module_preset=&#8221;default&#8221; custom_button=&#8221;on&#8221; button_text_size=&#8221;16px&#8221; button_text_color=&#8221;#005293&#8243; button_bg_color=&#8221;rgba(0,82,147,0.16)&#8221; button_border_width=&#8221;0px&#8221; button_border_color=&#8221;#005293&#8243; button_border_radius=&#8221;0px&#8221; button_font=&#8221;|700|||||||&#8221; button_use_icon=&#8221;off&#8221; transform_scale=&#8221;97%|97%&#8221; custom_padding=&#8221;10px||10px||false|false&#8221; custom_css_main_element=&#8221;width: 100% !important;&#8221; global_colors_info=&#8221;{}&#8221; button_text_color__hover_enabled=&#8221;on|desktop&#8221; button_text_color__hover=&#8221;#FFFFFF&#8221; button_bg_color__hover_enabled=&#8221;on|hover&#8221; button_bg_color__hover=&#8221;#005293&#8243; button_bg_enable_color__hover=&#8221;on&#8221;][\/et_pb_button][\/et_pb_column][et_pb_column type=&#8221;1_3&#8243; _builder_version=&#8221;4.14.6&#8243; _module_preset=&#8221;default&#8221; global_colors_info=&#8221;{}&#8221;][et_pb_button button_text=&#8221;Research areas&#8221; button_alignment=&#8221;center&#8221; module_class=&#8221;dfc-areas df-button&#8221; _builder_version=&#8221;4.14.6&#8243; _module_preset=&#8221;default&#8221; custom_button=&#8221;on&#8221; button_text_size=&#8221;16px&#8221; button_text_color=&#8221;#005293&#8243; button_bg_color=&#8221;rgba(0,82,147,0.16)&#8221; button_border_width=&#8221;0px&#8221; button_border_color=&#8221;#005293&#8243; button_border_radius=&#8221;0px&#8221; button_font=&#8221;|700|||||||&#8221; button_use_icon=&#8221;off&#8221; transform_scale=&#8221;97%|97%&#8221; custom_padding=&#8221;10px||10px||false|false&#8221; custom_css_main_element=&#8221;width: 100% !important;&#8221; global_colors_info=&#8221;{}&#8221; button_text_color__hover_enabled=&#8221;on|desktop&#8221; button_text_color__hover=&#8221;#FFFFFF&#8221; button_bg_color__hover_enabled=&#8221;on|hover&#8221; button_bg_color__hover=&#8221;#005293&#8243; button_bg_enable_color__hover=&#8221;on&#8221;][\/et_pb_button][\/et_pb_column][et_pb_column type=&#8221;1_3&#8243; _builder_version=&#8221;4.14.6&#8243; _module_preset=&#8221;default&#8221; global_colors_info=&#8221;{}&#8221;][et_pb_button button_text=&#8221;Relevant publications&#8221; button_alignment=&#8221;center&#8221; module_class=&#8221;dfc-publicaciones df-button&#8221; _builder_version=&#8221;4.14.6&#8243; _module_preset=&#8221;default&#8221; custom_button=&#8221;on&#8221; button_text_size=&#8221;16px&#8221; button_text_color=&#8221;#005293&#8243; button_bg_color=&#8221;rgba(0,82,147,0.16)&#8221; button_border_width=&#8221;0px&#8221; button_border_color=&#8221;#005293&#8243; button_border_radius=&#8221;0px&#8221; button_font=&#8221;|700|||||||&#8221; button_use_icon=&#8221;off&#8221; transform_scale=&#8221;97%|97%&#8221; custom_padding=&#8221;10px||10px||false|false&#8221; custom_css_main_element=&#8221;width: 100% !important;&#8221; global_colors_info=&#8221;{}&#8221; button_text_color__hover_enabled=&#8221;on|desktop&#8221; button_text_color__hover=&#8221;#FFFFFF&#8221; button_bg_color__hover_enabled=&#8221;on|hover&#8221; button_bg_color__hover=&#8221;#005293&#8243; button_bg_enable_color__hover=&#8221;on&#8221;][\/et_pb_button][\/et_pb_column][\/et_pb_row][\/et_pb_section][et_pb_section fb_built=&#8221;1&#8243; module_class=&#8221;df-rows df-area dfc-educacion&#8221; _builder_version=&#8221;4.14.6&#8243; _module_preset=&#8221;default&#8221; custom_margin=&#8221;0px||||false|false&#8221; custom_padding=&#8221;15px||||false|false&#8221; animation_style=&#8221;fade&#8221; animation_duration=&#8221;600ms&#8221; global_colors_info=&#8221;{}&#8221;][et_pb_row module_class=&#8221;dfc-educacion&#8221; _builder_version=&#8221;4.14.6&#8243; _module_preset=&#8221;default&#8221; max_width=&#8221;75%&#8221; global_colors_info=&#8221;{}&#8221;][et_pb_column type=&#8221;4_4&#8243; _builder_version=&#8221;4.14.6&#8243; _module_preset=&#8221;default&#8221; global_colors_info=&#8221;{}&#8221;][et_pb_text _builder_version=&#8221;4.14.6&#8243; _module_preset=&#8221;default&#8221; width=&#8221;100%&#8221; custom_padding=&#8221;|21px||21px|false|true&#8221; global_colors_info=&#8221;{}&#8221;]<\/p>\n<ul>\n<li>PhD in Medical Science, Faculty of Medicine, Universidad de la Rep\u00fablica, Uruguay. (2009 \u2013 2012).<\/li>\n<li>Veterinary Doctor, Faculty of Veterinary Medicin, Universidad de la Rep\u00fablica, Uruguay. (1991 \u2013 1999).<\/li>\n<\/ul>\n<p>[\/et_pb_text][\/et_pb_column][\/et_pb_row][et_pb_row module_class=&#8221;dfc-areas&#8221; _builder_version=&#8221;4.14.6&#8243; _module_preset=&#8221;default&#8221; max_width=&#8221;75%&#8221; global_colors_info=&#8221;{}&#8221;][et_pb_column type=&#8221;4_4&#8243; _builder_version=&#8221;4.14.6&#8243; _module_preset=&#8221;default&#8221; global_colors_info=&#8221;{}&#8221;][et_pb_text _builder_version=&#8221;4.14.6&#8243; _module_preset=&#8221;default&#8221; width=&#8221;100%&#8221; custom_padding=&#8221;|21px||21px|false|true&#8221; global_colors_info=&#8221;{}&#8221;]<\/p>\n<ul>\n<li>Molecular Genetics<\/li>\n<li>Medical and Health Sciences<\/li>\n<li>Biotechnology<\/li>\n<li>Cell Biology<\/li>\n<li>Transgenesis<\/li>\n<li>CRISPR<\/li>\n<\/ul>\n<p>[\/et_pb_text][\/et_pb_column][\/et_pb_row][et_pb_row module_class=&#8221;dfc-publicaciones&#8221; _builder_version=&#8221;4.14.6&#8243; _module_preset=&#8221;default&#8221; max_width=&#8221;75%&#8221; global_colors_info=&#8221;{}&#8221;][et_pb_column type=&#8221;4_4&#8243; _builder_version=&#8221;4.14.6&#8243; _module_preset=&#8221;default&#8221; global_colors_info=&#8221;{}&#8221;][et_pb_text _builder_version=&#8221;4.14.6&#8243; _module_preset=&#8221;default&#8221; ul_line_height=&#8221;1.7em&#8221; width=&#8221;100%&#8221; custom_padding=&#8221;|21px||21px|false|true&#8221; global_colors_info=&#8221;{}&#8221;]<\/p>\n<ul>\n<li>Crispo M, Vilari\u00f1o M, dos Santos-Neto PC, N\u00fa\u00f1ez-Olivera R, Cuadro F, Barrera N, Mulet AP, Nguyen TH, Aneg\u00f3n I, Menchaca A. Embryo development, fetal growth and postnatal phenotype of eGFP lambs generated by lentiviral transgenesis. Transgenic Res. 2015 Feb;24(1):31-41. doi: 10.1007\/s11248-014-9816-x. Epub 2014 Jul 22.<\/li>\n<li>Crispo M, Van Maele L, Tabareau J, Cayet D, Errea A, Ferreira AM, Rumbo M, Sirard JC. Transgenic mouse model harboring the transcriptional fusion ccl20- luciferase as a novel reporter of pro-inflammatory response. PLoS One. 2013 Nov 12;8(11):e78447. doi: 10.1371\/journal.pone.0078447.<\/li>\n<li>M. Crispo; Schlapp G; C\u00e1rdenas M; D. Gonz\u00e1lez-Maciel; M Rumbo. Optimization of transgenesis conditions for the generation of CXCL2-luciferase reporter mice line. EJB Electronic Journal of Biotechnology, v.: 16 6, 2013.<\/li>\n<\/ul>\n<p>[\/et_pb_text][\/et_pb_column][\/et_pb_row][\/et_pb_section]<\/p>\n","protected":false},"excerpt":{"rendered":"<p>Martina Crispo Martina Crispo, DVM, PhD crispo@pasteur.edu.uy Biotechnology in Laboratory Animals Unit PhD in Medical Science, Faculty of Medicine, Universidad de la Rep\u00fablica, Uruguay. (2009 \u2013 2012). Veterinary Doctor, Faculty of Veterinary Medicin, Universidad de la Rep\u00fablica, Uruguay. (1991 \u2013 1999). Molecular Genetics Medical and Health Sciences Biotechnology Cell Biology Transgenesis CRISPR Crispo M, Vilari\u00f1o [&hellip;]<\/p>\n","protected":false},"author":8,"featured_media":0,"parent":3590,"menu_order":0,"comment_status":"closed","ping_status":"closed","template":"","meta":{"_acf_changed":false,"_et_pb_use_builder":"on","_et_pb_old_content":"","_et_gb_content_width":"","footnotes":""},"dipi_cpt_category":[],"class_list":["post-5175","page","type-page","status-publish","hentry"],"acf":[],"_links":{"self":[{"href":"https:\/\/pasteur.uy\/en\/wp-json\/wp\/v2\/pages\/5175","targetHints":{"allow":["GET"]}}],"collection":[{"href":"https:\/\/pasteur.uy\/en\/wp-json\/wp\/v2\/pages"}],"about":[{"href":"https:\/\/pasteur.uy\/en\/wp-json\/wp\/v2\/types\/page"}],"author":[{"embeddable":true,"href":"https:\/\/pasteur.uy\/en\/wp-json\/wp\/v2\/users\/8"}],"replies":[{"embeddable":true,"href":"https:\/\/pasteur.uy\/en\/wp-json\/wp\/v2\/comments?post=5175"}],"version-history":[{"count":4,"href":"https:\/\/pasteur.uy\/en\/wp-json\/wp\/v2\/pages\/5175\/revisions"}],"predecessor-version":[{"id":7513,"href":"https:\/\/pasteur.uy\/en\/wp-json\/wp\/v2\/pages\/5175\/revisions\/7513"}],"up":[{"embeddable":true,"href":"https:\/\/pasteur.uy\/en\/wp-json\/wp\/v2\/pages\/3590"}],"wp:attachment":[{"href":"https:\/\/pasteur.uy\/en\/wp-json\/wp\/v2\/media?parent=5175"}],"wp:term":[{"taxonomy":"dipi_cpt_category","embeddable":true,"href":"https:\/\/pasteur.uy\/en\/wp-json\/wp\/v2\/dipi_cpt_category?post=5175"}],"curies":[{"name":"wp","href":"https:\/\/api.w.org\/{rel}","templated":true}]}}