{"id":5190,"date":"2022-04-04T15:48:30","date_gmt":"2022-04-04T15:48:30","guid":{"rendered":"https:\/\/pasteur.uy\/heads-of-labs-and-units\/marcelo-hill\/"},"modified":"2022-08-17T16:15:29","modified_gmt":"2022-08-17T16:15:29","slug":"marcelo-hill","status":"publish","type":"page","link":"https:\/\/pasteur.uy\/en\/heads-of-labs-and-units\/marcelo-hill\/","title":{"rendered":"Marcelo Hill"},"content":{"rendered":"<p>[et_pb_section fb_built=&#8221;1&#8243; _builder_version=&#8221;4.14.6&#8243; _module_preset=&#8221;default&#8221; custom_margin=&#8221;||||false|false&#8221; custom_margin_last_edited=&#8221;off|desktop&#8221; custom_padding=&#8221;||0px||false|false&#8221; global_colors_info=&#8221;{}&#8221;][et_pb_row column_structure=&#8221;1_3,2_3&#8243; use_custom_gutter=&#8221;on&#8221; gutter_width=&#8221;2&#8243; _builder_version=&#8221;4.14.6&#8243; _module_preset=&#8221;default&#8221; max_width=&#8221;75%&#8221; custom_margin=&#8221;||||false|false&#8221; custom_margin_tablet=&#8221;||||false|false&#8221; custom_margin_phone=&#8221;||||false|false&#8221; custom_margin_last_edited=&#8221;on|desktop&#8221; custom_padding=&#8221;||10px||false|false&#8221; animation_style=&#8221;fade&#8221; animation_duration=&#8221;300ms&#8221; global_colors_info=&#8221;{}&#8221;][et_pb_column type=&#8221;1_3&#8243; _builder_version=&#8221;4.14.4&#8243; _module_preset=&#8221;default&#8221; global_colors_info=&#8221;{}&#8221;][et_pb_image src=&#8221;https:\/\/pasteur.uy\/wp-content\/uploads\/2022\/01\/Hill-Marcelo.jpg&#8221; title_text=&#8221;Hill, Marcelo&#8221; _builder_version=&#8221;4.14.6&#8243; _module_preset=&#8221;default&#8221; max_width=&#8221;75%&#8221; global_colors_info=&#8221;{}&#8221;][\/et_pb_image][\/et_pb_column][et_pb_column type=&#8221;2_3&#8243; _builder_version=&#8221;4.14.4&#8243; _module_preset=&#8221;default&#8221; global_colors_info=&#8221;{}&#8221;][et_pb_text _builder_version=&#8221;4.14.6&#8243; _module_preset=&#8221;default&#8221; text_font=&#8221;|700|||||||&#8221; text_font_size=&#8221;21px&#8221; header_font=&#8221;|700|||||||&#8221; header_text_color=&#8221;#005293&#8243; header_font_size=&#8221;39px&#8221; custom_margin=&#8221;||0px||false|false&#8221; custom_padding=&#8221;||0px||false|false&#8221; global_colors_info=&#8221;{}&#8221;]<\/p>\n<h1>Marcelo Hill<\/h1>\n<p>[\/et_pb_text][et_pb_text _builder_version=&#8221;4.14.6&#8243; _module_preset=&#8221;default&#8221; custom_margin=&#8221;||0px||false|false&#8221; custom_padding=&#8221;||0px||false|false&#8221; hover_enabled=&#8221;0&#8243; global_colors_info=&#8221;{}&#8221; sticky_enabled=&#8221;0&#8243;]<\/p>\n<p class=\"et_pb_member_position et-fb-editable-element et-fb-editable-element__editing\" data-shortcode-id=\"0.0.0.0-1643373697362\" data-quickaccess-id=\"position\" contenteditable=\"true\">Marcelo Hill, MD, PhD<\/p>\n<div data-shortcode-id=\"0.0.0.0-1643374141066\" data-quickaccess-id=\"body\" data-quickaccess-editable=\"yes\" class=\"et-fb-popover-tinymce\">\n<div class=\"mce-content-body\" contenteditable=\"true\" style=\"position: relative;\">\n<p>\n                <a href=\"mailto:mhill@pasteur.edu.uy\">mhill@pasteur.edu.uy<\/a>\n              <\/p>\n<\/p><\/div>\n<\/p><\/div>\n<p>[\/et_pb_text][et_pb_divider color=&#8221;#ce8e00&#8243; divider_position=&#8221;center&#8221; divider_weight=&#8221;3px&#8221; _builder_version=&#8221;4.14.6&#8243; _module_preset=&#8221;default&#8221; width=&#8221;7%&#8221; width_tablet=&#8221;13%&#8221; width_phone=&#8221;15%&#8221; width_last_edited=&#8221;on|phone&#8221; custom_margin=&#8221;0px||0px||false|false&#8221; custom_margin_tablet=&#8221;0px||0px||false|false&#8221; custom_margin_phone=&#8221;||||false|false&#8221; custom_margin_last_edited=&#8221;on|phone&#8221; custom_padding=&#8221;0px||0px||false|false&#8221; global_colors_info=&#8221;{}&#8221;][\/et_pb_divider][et_pb_text _builder_version=&#8221;4.14.6&#8243; _module_preset=&#8221;default&#8221; text_font=&#8221;|300||on|||||&#8221; text_font_size=&#8221;18px&#8221; max_width=&#8221;38%&#8221; max_width_tablet=&#8221;70%&#8221; max_width_phone=&#8221;100%&#8221; max_width_last_edited=&#8221;on|phone&#8221; custom_margin_tablet=&#8221;&#8221; custom_margin_phone=&#8221;||20px||false|false&#8221; custom_margin_last_edited=&#8221;on|desktop&#8221; custom_padding=&#8221;||||false|false&#8221; global_colors_info=&#8221;{}&#8221;]<\/p>\n<p>Inmunorregulation and Inflammation Laboratory<\/p>\n<p>[\/et_pb_text][\/et_pb_column][\/et_pb_row][\/et_pb_section][et_pb_section fb_built=&#8221;1&#8243; _builder_version=&#8221;4.14.6&#8243; _module_preset=&#8221;default&#8221; custom_padding=&#8221;0px||0px||false|false&#8221; animation_style=&#8221;fade&#8221; animation_duration=&#8221;500ms&#8221; global_colors_info=&#8221;{}&#8221;][et_pb_row column_structure=&#8221;1_4,1_4,1_4,1_4&#8243; use_custom_gutter=&#8221;on&#8221; gutter_width=&#8221;1&#8243; custom_padding_last_edited=&#8221;on|phone&#8221; module_class=&#8221;df-buttons &#8221; _builder_version=&#8221;4.14.6&#8243; _module_preset=&#8221;default&#8221; max_width=&#8221;75%&#8221; custom_margin=&#8221;||0px||false|false&#8221; custom_margin_tablet=&#8221;||0px||false|false&#8221; custom_margin_phone=&#8221;||0px||false|false&#8221; custom_margin_last_edited=&#8221;on|phone&#8221; custom_padding=&#8221;18px||0px||false|false&#8221; custom_padding_tablet=&#8221;18px||0px||false|false&#8221; custom_padding_phone=&#8221;2px||||false|false&#8221; border_width_bottom=&#8221;1px&#8221; border_color_bottom=&#8221;#005293&#8243; collapsed=&#8221;off&#8221; global_colors_info=&#8221;{}&#8221;][et_pb_column type=&#8221;1_4&#8243; _builder_version=&#8221;4.14.6&#8243; _module_preset=&#8221;default&#8221; global_colors_info=&#8221;{}&#8221;][et_pb_button button_text=&#8221;Education&#8221; button_alignment=&#8221;center&#8221; button_text_tablet=&#8221;Education&#8221; button_text_phone=&#8221;Education&#8221; button_text_last_edited=&#8221;on|desktop&#8221; module_class=&#8221;df-button dfc-educacion&#8221; _builder_version=&#8221;4.14.6&#8243; _module_preset=&#8221;default&#8221; custom_button=&#8221;on&#8221; button_text_size=&#8221;16px&#8221; button_text_color=&#8221;#005293&#8243; button_bg_color=&#8221;rgba(0,82,147,0.16)&#8221; button_border_width=&#8221;0px&#8221; button_border_color=&#8221;#005293&#8243; button_border_radius=&#8221;0px&#8221; button_font=&#8221;|700|||||||&#8221; button_use_icon=&#8221;off&#8221; transform_scale=&#8221;97%|97%&#8221; custom_padding=&#8221;10px||10px||false|false&#8221; custom_css_main_element=&#8221;width: 100% !important;&#8221; global_colors_info=&#8221;{}&#8221; button_text_color__hover_enabled=&#8221;on|desktop&#8221; button_text_color__hover=&#8221;#FFFFFF&#8221; button_bg_color__hover_enabled=&#8221;on|hover&#8221; button_bg_color__hover=&#8221;#005293&#8243; button_bg_enable_color__hover=&#8221;on&#8221;][\/et_pb_button][\/et_pb_column][et_pb_column type=&#8221;1_4&#8243; _builder_version=&#8221;4.14.6&#8243; _module_preset=&#8221;default&#8221; global_colors_info=&#8221;{}&#8221;][et_pb_button button_text=&#8221;Research areas&#8221; button_alignment=&#8221;center&#8221; module_class=&#8221;dfc-areas df-button&#8221; _builder_version=&#8221;4.14.6&#8243; _module_preset=&#8221;default&#8221; custom_button=&#8221;on&#8221; button_text_size=&#8221;16px&#8221; button_text_color=&#8221;#005293&#8243; button_bg_color=&#8221;rgba(0,82,147,0.16)&#8221; button_border_width=&#8221;0px&#8221; button_border_color=&#8221;#005293&#8243; button_border_radius=&#8221;0px&#8221; button_font=&#8221;|700|||||||&#8221; button_use_icon=&#8221;off&#8221; transform_scale=&#8221;97%|97%&#8221; custom_padding=&#8221;10px||10px||false|false&#8221; custom_css_main_element=&#8221;width: 100% !important;&#8221; global_colors_info=&#8221;{}&#8221; button_text_color__hover_enabled=&#8221;on|desktop&#8221; button_text_color__hover=&#8221;#FFFFFF&#8221; button_bg_color__hover_enabled=&#8221;on|hover&#8221; button_bg_color__hover=&#8221;#005293&#8243; button_bg_enable_color__hover=&#8221;on&#8221;][\/et_pb_button][\/et_pb_column][et_pb_column type=&#8221;1_4&#8243; _builder_version=&#8221;4.14.6&#8243; _module_preset=&#8221;default&#8221; global_colors_info=&#8221;{}&#8221;][et_pb_button button_text=&#8221;Patents&#8221; button_alignment=&#8221;center&#8221; module_class=&#8221;dfc-patentes df-button&#8221; _builder_version=&#8221;4.14.6&#8243; _module_preset=&#8221;default&#8221; custom_button=&#8221;on&#8221; button_text_size=&#8221;16px&#8221; button_text_color=&#8221;#005293&#8243; button_bg_color=&#8221;rgba(0,82,147,0.16)&#8221; button_border_width=&#8221;0px&#8221; button_border_color=&#8221;#005293&#8243; button_border_radius=&#8221;0px&#8221; button_font=&#8221;|700|||||||&#8221; button_use_icon=&#8221;off&#8221; transform_scale=&#8221;97%|97%&#8221; custom_padding=&#8221;10px||10px||false|false&#8221; custom_css_main_element=&#8221;width: 100% !important;&#8221; global_colors_info=&#8221;{}&#8221; button_text_color__hover_enabled=&#8221;on|desktop&#8221; button_text_color__hover=&#8221;#FFFFFF&#8221; button_bg_color__hover_enabled=&#8221;on|hover&#8221; button_bg_color__hover=&#8221;#005293&#8243; button_bg_enable_color__hover=&#8221;on&#8221;][\/et_pb_button][\/et_pb_column][et_pb_column type=&#8221;1_4&#8243; _builder_version=&#8221;4.14.6&#8243; _module_preset=&#8221;default&#8221; global_colors_info=&#8221;{}&#8221;][et_pb_button button_text=&#8221;Relevant publications&#8221; button_alignment=&#8221;center&#8221; module_class=&#8221;dfc-publicaciones df-button&#8221; _builder_version=&#8221;4.14.6&#8243; _module_preset=&#8221;default&#8221; custom_button=&#8221;on&#8221; button_text_size=&#8221;16px&#8221; button_text_color=&#8221;#005293&#8243; button_bg_color=&#8221;rgba(0,82,147,0.16)&#8221; button_border_width=&#8221;0px&#8221; button_border_color=&#8221;#005293&#8243; button_border_radius=&#8221;0px&#8221; button_font=&#8221;|700|||||||&#8221; button_use_icon=&#8221;off&#8221; transform_scale=&#8221;97%|97%&#8221; custom_padding=&#8221;10px||10px||false|false&#8221; custom_css_main_element=&#8221;width: 100% !important;&#8221; global_colors_info=&#8221;{}&#8221; button_text_color__hover_enabled=&#8221;on|desktop&#8221; button_text_color__hover=&#8221;#FFFFFF&#8221; button_bg_color__hover_enabled=&#8221;on|hover&#8221; button_bg_color__hover=&#8221;#005293&#8243; button_bg_enable_color__hover=&#8221;on&#8221;][\/et_pb_button][\/et_pb_column][\/et_pb_row][\/et_pb_section][et_pb_section fb_built=&#8221;1&#8243; module_class=&#8221;df-rows df-area dfc-educacion&#8221; _builder_version=&#8221;4.14.6&#8243; _module_preset=&#8221;default&#8221; custom_margin=&#8221;0px||||false|false&#8221; custom_padding=&#8221;15px||||false|false&#8221; animation_style=&#8221;fade&#8221; animation_duration=&#8221;600ms&#8221; global_colors_info=&#8221;{}&#8221;][et_pb_row module_class=&#8221;dfc-educacion&#8221; _builder_version=&#8221;4.14.6&#8243; _module_preset=&#8221;default&#8221; max_width=&#8221;75%&#8221; collapsed=&#8221;off&#8221; global_colors_info=&#8221;{}&#8221;][et_pb_column type=&#8221;4_4&#8243; _builder_version=&#8221;4.14.6&#8243; _module_preset=&#8221;default&#8221; global_colors_info=&#8221;{}&#8221;][et_pb_text _builder_version=&#8221;4.14.6&#8243; _module_preset=&#8221;default&#8221; width=&#8221;100%&#8221; custom_padding=&#8221;|21px||21px|false|true&#8221; global_colors_info=&#8221;{}&#8221;]<\/p>\n<ul>\n<li>Medical Doctor. 2002. Faculty of Medicine, University of the Republic. Montevideo, Uruguay.<\/li>\n<li>Master in Biochemistry. 2002. PEDECIBA. Faculty of Science, University of the Republic. Montevideo, Uruguay.<\/li>\n<li>PhD in Immunology. 2006. Nantes University, France.<\/li>\n<li>Post-doctoral fellow. 2006-2012 at INSERM U643, Nantes, France.<\/li>\n<li>G\u00b03 Researcher PEDECIBA. Uruguay.<\/li>\n<li>Associate Professor. Since 2010. Immunobiology Department. Faculty of Medicine, University of the Republic. Montevideo, Uruguay.<\/li>\n<li>Associate Proffesor. 2010-2012. Odontology Faculty. Nantes University, France.<\/li>\n<li>Level I Researcher. National Researchers System Uruguay.<\/li>\n<li>Since 2013. Laboratory of Immunoregulation and Inflammation. Institut Pasteur de Montevideo. Head.<\/li>\n<li>Since 2017. Centre for Translational Immunology. Institut Pasteur de Montevideo. FOCIS Centre of Excellence. Director.<\/li>\n<li>Since 2018. Founder and Chief Scientific Officer of ARDAN ImmunoPharma.<\/li>\n<\/ul>\n<p>[\/et_pb_text][\/et_pb_column][\/et_pb_row][et_pb_row module_class=&#8221;dfc-patentes&#8221; _builder_version=&#8221;4.14.6&#8243; _module_preset=&#8221;default&#8221; max_width=&#8221;75%&#8221; collapsed=&#8221;on&#8221; global_colors_info=&#8221;{}&#8221;][et_pb_column type=&#8221;4_4&#8243; _builder_version=&#8221;4.14.6&#8243; _module_preset=&#8221;default&#8221; global_colors_info=&#8221;{}&#8221;][et_pb_text _builder_version=&#8221;4.14.6&#8243; _module_preset=&#8221;default&#8221; width=&#8221;100%&#8221; custom_padding=&#8221;|21px||21px|false|true&#8221; global_colors_info=&#8221;{}&#8221;]<\/p>\n<ul>\n<li>US Provisional Patent application. Serial No. 62\/500,113, Filed May 2nd 2017. Immunoresponsive Methods of Treating Tumors. Inventors: Marcelo Hill, Mercedes Segovia, Sofia Russo, Mathias Jeldres, Maria Romina Girotti, Yamil Mahmoud, Maite Duhalde, Maria Cristina Cuturi.<\/li>\n<li>U.S. Patent Application No. 62\/570,973, Filed October 11, 2017. Methods for Treating Tissue and Organ Transplant Rejection. Inventors: Carlos Batthyany, Virginia Lopez, Carlos Escande, Jorge Rodriguez, Williams Porcal, Rosina Dapueto, German Galliussi, Maria Pia Garat, Marcelo Hill, Mercedes Segovia, Ignacio Anegon, Maria Cristina Cuturi.<\/li>\n<li>U.S. Patent Application No. 62\/621,228, Filed January 24, 2018. Methods for Treating Heart Transplant Rejection. Inventors: Carlos Batthyany, Virginia Lopez, Carlos Escande, Jorge Rodriguez, Williams Porcal, Rosina Dapueto, German Galliussi, Maria Pia Garat, Marcelo Hill, Mercedes Segovia, Ignacio Anegon, Maria Cristina Cuturi.<\/li>\n<\/ul>\n<p>[\/et_pb_text][\/et_pb_column][\/et_pb_row][et_pb_row module_class=&#8221;dfc-areas&#8221; _builder_version=&#8221;4.14.6&#8243; _module_preset=&#8221;default&#8221; max_width=&#8221;75%&#8221; collapsed=&#8221;off&#8221; global_colors_info=&#8221;{}&#8221;][et_pb_column type=&#8221;4_4&#8243; _builder_version=&#8221;4.14.6&#8243; _module_preset=&#8221;default&#8221; global_colors_info=&#8221;{}&#8221;][et_pb_text _builder_version=&#8221;4.14.6&#8243; _module_preset=&#8221;default&#8221; width=&#8221;100%&#8221; custom_padding=&#8221;|21px||21px|false|true&#8221; global_colors_info=&#8221;{}&#8221;]<\/p>\n<ul>\n<li>Immunorregulation<\/li>\n<li>Cancer<\/li>\n<li>Dendritic cells<\/li>\n<li>Immunotherapy<\/li>\n<\/ul>\n<p>[\/et_pb_text][\/et_pb_column][\/et_pb_row][et_pb_row module_class=&#8221;dfc-publicaciones&#8221; _builder_version=&#8221;4.14.6&#8243; _module_preset=&#8221;default&#8221; max_width=&#8221;75%&#8221; collapsed=&#8221;on&#8221; global_colors_info=&#8221;{}&#8221;][et_pb_column type=&#8221;4_4&#8243; _builder_version=&#8221;4.14.6&#8243; _module_preset=&#8221;default&#8221; global_colors_info=&#8221;{}&#8221;][et_pb_text _builder_version=&#8221;4.14.6&#8243; _module_preset=&#8221;default&#8221; ul_line_height=&#8221;1.7em&#8221; width=&#8221;100%&#8221; custom_padding=&#8221;|21px||21px|false|true&#8221; global_colors_info=&#8221;{}&#8221;]<\/p>\n<ul>\n<li>Pro-inflammatory Ca++-activated K+ channels are inhibited by hydroxychloroquine. Schroeder ME, Russo S, Costa C, Hori J, Tiscornia I, Bollati-Fogol\u00edn M, Zamboni DS, Ferreira G, Cairoli E, Hill M. Sci Rep. 2017 May 15;7(1):1892. doi: 10.1038\/s41598-017-01836-8.<\/li>\n<li>Autologous dendritic cells prolong allograft survival through Tmem176b-dependent antigen cross-presentation. Mercedes Segovia, Cedric Louvet, Pierre Charnet, Ariel Savina, Gaelle Tilly, Laetitia Gautreau, Laura Carretero-Iglesia, Gaelle Beriou, Ignacio Cebrian, Thierry Cens, Lucy Hepburn, Elise Chiffoleau, Rodrigo Andres Floto, Ignacio Anegon, Sebastian Amigorena, Maria Cristina Cuturi and Marcelo Hill. Am J Transplant. 2014 May; 14(5):1021-31<\/li>\n<li>Penicillin binding proteins as danger signals: meningococcal PBP2 activates DCs through TLR4. Marcelo Hill, Ala-Eddine Deghmane, Mercedes Segovia, Maria Leticia Zarantonelli, Ga\u00eblle Tilly, Philippe Blancou, R\u00e9gis Josien, Ignacio Anegon, Eva Hong, Corinne Ruckly, Aude Antignac, Meriem El Ghachi, Ivo Gomperts Boneca, Muhamed-Kheir Taha and Maria Cristina Cuturi. PLoS One. 2011; 6(10):e23995. Epub 2011 Oct 27.<\/li>\n<li>Cell therapy with autologous tolerogenic dendritic cells induces allograft tolerance through IFN-\u03b3 and EBI3. Marcelo Hill, Pam\u00e9la Thebault, Mercedes Segovia, C\u00e9dric Louvet, Ga\u00eblle B\u00e9riou, Ga\u00eblle Tilly, Emmanuel Merieau, Ignacio Anegon, Elise Chiffoleau and Maria-Cristina Cuturi. Am J Transplant. 2011 Oct; 11(10):2036-45. doi: 10.1111\/j.1600-6143.2011.03651.x.<\/li>\n<li>Preparation of mouse bone marrow-derived dendritic cells with immuno-regulatory properties. Mercedes Segovia, Maria Cristina Cuturi and Marcelo Hill. Methods Mol Biol. 2011;677:161-8<\/li>\n<li>IDO expands human CD4+CD25high regulatory T cells by promoting maturation of LPS-treated dendritic cells. Marcelo Hill, S\u00e9verine Tanguy-Royer, Pierre Royer, Christine Chauveau, Kashif Asghar, Fr\u00e9d\u00e9ric Lavainne, S\u00e9verine R\u00e9my, R\u00e9gis Brion, Fran\u00e7ois-Xavier Hubert, Mich\u00e8le Heslan, Marie Rimbert, Laureline Berthelot, John Moffet, R\u00e9gis Josien, Marc Gr\u00e9goire and Ignacio Anegon. EurJ Immunol. 2007, 37 (11) 3054-62<\/li>\n<li>Nitric oxide and indoleamine 2,3-dioxygenase mediate CTLA4Ig-induced survival of heart allografts in rats. Marcelo Hill, Rachid Zagani, C\u00e9cile Voisine and Ignacio Anegon. Transplantation. 2007, 84 (8) 1060-3<\/li>\n<li>CD40Ig treatment results in allograft acceptance mediated by CD8+CD45RClow T cells, IFN-\u03b3 and indoleamine 2,3-dioxygenase. Carole Guillonneau, Marcelo Hill, Fran\u00e7ois-Xavier Hubert, Elise Chiffoleau, Caroline Herv\u00e9, Xiang-Liang Li, Mich\u00e8lle Heslan, Claire Usal, Laurent Tesson, S\u00e9verine M\u00e9noret, Abdelhadi Saoudi, Brigitte Le Mauff, R\u00e9gis Josien, Maria Cristina Cuturi and Ignacio Anegon. J Clin Invest. 2007. 117 (4) 1096-106<\/li>\n<li>Heme oxygenase-1 inhibits rat and human breast cancer cells proliferation: mutual cross inhibition with indoleamine 2,3-dioxygenase. Marcelo Hill, Victoria Pereira, Christine Chauveau, Rachid Zagani, S\u00e9verine Remy, Laurent Tesson, Daniel Mazal, Luis Ubillos, R\u00e9gis Brion, Mir Farzin Mashreghi, Katja Kotsch, John Moffett, Cornelia Doebis, Martina Seifert, Jorge Boczkowski, Eduardo Osinaga and Ignacio Anegon. FASEB J. 2005 19: 14 1957-68<\/li>\n<li>Immunobiological characterization of N-Nitrosomethylurea-induced rat breast carcinomas: tumoral IL-10 expression as a possible immune escape mechanism. Hill M, Bausero MA, Mazal D, M\u00e9noret S, Anegon I and Osinaga E. Breast Cancer Research and Treatment. 2004 Mar. 84; 2; 107-16<\/li>\n<\/ul>\n<p>[\/et_pb_text][\/et_pb_column][\/et_pb_row][\/et_pb_section]<\/p>\n","protected":false},"excerpt":{"rendered":"<p>Marcelo HillMarcelo Hill, MD, PhD mhill@pasteur.edu.uy Inmunorregulation and Inflammation Laboratory Medical Doctor. 2002. Faculty of Medicine, University of the Republic. Montevideo, Uruguay. Master in Biochemistry. 2002. PEDECIBA. Faculty of Science, University of the Republic. Montevideo, Uruguay. PhD in Immunology. 2006. Nantes University, France. Post-doctoral fellow. 2006-2012 at INSERM U643, Nantes, France. G\u00b03 Researcher PEDECIBA. Uruguay. [&hellip;]<\/p>\n","protected":false},"author":8,"featured_media":0,"parent":3590,"menu_order":0,"comment_status":"closed","ping_status":"closed","template":"","meta":{"_acf_changed":false,"_et_pb_use_builder":"on","_et_pb_old_content":"","_et_gb_content_width":"","footnotes":""},"dipi_cpt_category":[],"class_list":["post-5190","page","type-page","status-publish","hentry"],"acf":[],"_links":{"self":[{"href":"https:\/\/pasteur.uy\/en\/wp-json\/wp\/v2\/pages\/5190","targetHints":{"allow":["GET"]}}],"collection":[{"href":"https:\/\/pasteur.uy\/en\/wp-json\/wp\/v2\/pages"}],"about":[{"href":"https:\/\/pasteur.uy\/en\/wp-json\/wp\/v2\/types\/page"}],"author":[{"embeddable":true,"href":"https:\/\/pasteur.uy\/en\/wp-json\/wp\/v2\/users\/8"}],"replies":[{"embeddable":true,"href":"https:\/\/pasteur.uy\/en\/wp-json\/wp\/v2\/comments?post=5190"}],"version-history":[{"count":5,"href":"https:\/\/pasteur.uy\/en\/wp-json\/wp\/v2\/pages\/5190\/revisions"}],"predecessor-version":[{"id":7507,"href":"https:\/\/pasteur.uy\/en\/wp-json\/wp\/v2\/pages\/5190\/revisions\/7507"}],"up":[{"embeddable":true,"href":"https:\/\/pasteur.uy\/en\/wp-json\/wp\/v2\/pages\/3590"}],"wp:attachment":[{"href":"https:\/\/pasteur.uy\/en\/wp-json\/wp\/v2\/media?parent=5190"}],"wp:term":[{"taxonomy":"dipi_cpt_category","embeddable":true,"href":"https:\/\/pasteur.uy\/en\/wp-json\/wp\/v2\/dipi_cpt_category?post=5190"}],"curies":[{"name":"wp","href":"https:\/\/api.w.org\/{rel}","templated":true}]}}