{"id":5214,"date":"2022-04-04T16:01:41","date_gmt":"2022-04-04T16:01:41","guid":{"rendered":"https:\/\/pasteur.uy\/heads-of-labs-and-units\/leonel-malacrida\/"},"modified":"2022-08-17T16:13:51","modified_gmt":"2022-08-17T16:13:51","slug":"leonel-malacrida","status":"publish","type":"page","link":"https:\/\/pasteur.uy\/en\/heads-of-labs-and-units\/leonel-malacrida\/","title":{"rendered":"Leonel Malacrida"},"content":{"rendered":"<p>[et_pb_section fb_built=&#8221;1&#8243; _builder_version=&#8221;4.14.6&#8243; _module_preset=&#8221;default&#8221; custom_margin=&#8221;||||false|false&#8221; custom_margin_last_edited=&#8221;off|desktop&#8221; custom_padding=&#8221;||0px||false|false&#8221; global_colors_info=&#8221;{}&#8221;][et_pb_row column_structure=&#8221;1_3,2_3&#8243; use_custom_gutter=&#8221;on&#8221; gutter_width=&#8221;2&#8243; _builder_version=&#8221;4.14.6&#8243; _module_preset=&#8221;default&#8221; max_width=&#8221;75%&#8221; custom_margin=&#8221;||||false|false&#8221; custom_margin_tablet=&#8221;||||false|false&#8221; custom_margin_phone=&#8221;||||false|false&#8221; custom_margin_last_edited=&#8221;on|desktop&#8221; custom_padding=&#8221;||10px||false|false&#8221; animation_style=&#8221;fade&#8221; animation_duration=&#8221;300ms&#8221; global_colors_info=&#8221;{}&#8221;][et_pb_column type=&#8221;1_3&#8243; _builder_version=&#8221;4.14.4&#8243; _module_preset=&#8221;default&#8221; global_colors_info=&#8221;{}&#8221;][et_pb_image src=&#8221;https:\/\/pasteur.uy\/wp-content\/uploads\/2022\/01\/Malacrida-Leonel.jpg&#8221; title_text=&#8221;Malacrida, Leonel&#8221; _builder_version=&#8221;4.14.6&#8243; _module_preset=&#8221;default&#8221; max_width=&#8221;75%&#8221; global_colors_info=&#8221;{}&#8221;][\/et_pb_image][\/et_pb_column][et_pb_column type=&#8221;2_3&#8243; _builder_version=&#8221;4.14.4&#8243; _module_preset=&#8221;default&#8221; global_colors_info=&#8221;{}&#8221;][et_pb_text _builder_version=&#8221;4.14.6&#8243; _module_preset=&#8221;default&#8221; text_font=&#8221;|700|||||||&#8221; text_font_size=&#8221;21px&#8221; header_font=&#8221;|700|||||||&#8221; header_text_color=&#8221;#005293&#8243; header_font_size=&#8221;39px&#8221; custom_margin=&#8221;||0px||false|false&#8221; custom_padding=&#8221;||0px||false|false&#8221; global_colors_info=&#8221;{}&#8221;]<\/p>\n<h1>Leonel Malacrida<\/h1>\n<p>[\/et_pb_text][et_pb_text _builder_version=&#8221;4.14.6&#8243; _module_preset=&#8221;default&#8221; custom_margin=&#8221;||0px||false|false&#8221; custom_padding=&#8221;||0px||false|false&#8221; hover_enabled=&#8221;0&#8243; global_colors_info=&#8221;{}&#8221; sticky_enabled=&#8221;0&#8243;]<\/p>\n<p class=\"et_pb_member_position et-fb-editable-element et-fb-editable-element__editing\" data-shortcode-id=\"0.0.0.0-1643373697362\" data-quickaccess-id=\"position\" contenteditable=\"true\">\n            <span>Leonel Malacrida, PhD<\/span>\n          <\/p>\n<div data-shortcode-id=\"0.0.0.0-1643374141066\" data-quickaccess-id=\"body\" data-quickaccess-editable=\"yes\" class=\"et-fb-popover-tinymce\">\n<div class=\"mce-content-body\" contenteditable=\"true\" style=\"position: relative;\">\n<div class=\"et_pb_team_member_description\">\n<div data-shortcode-id=\"0.0.0.0-1643636701141\" data-quickaccess-id=\"body\" data-quickaccess-editable=\"yes\" class=\"et-fb-popover-tinymce\">\n<div class=\"mce-content-body\" contenteditable=\"true\" style=\"position: relative;\">\n<p>\n                      <a href=\"mailto:lmalacrida@pasteur.edu.uy\">lmalacrida@pasteur.edu.uy<\/a>\n                    <\/p>\n<\/p><\/div>\n<\/p><\/div>\n<\/p><\/div>\n<div class=\"et-fb-mousetrap et-fb-mousetrap--module et-fb-mousetrap-move\" style=\"background: 0px center; pointer-events: none;\"><\/div>\n<\/p><\/div>\n<\/p><\/div>\n<p>[\/et_pb_text][et_pb_divider color=&#8221;#ce8e00&#8243; divider_position=&#8221;center&#8221; divider_weight=&#8221;3px&#8221; _builder_version=&#8221;4.14.6&#8243; _module_preset=&#8221;default&#8221; width=&#8221;7%&#8221; width_tablet=&#8221;13%&#8221; width_phone=&#8221;15%&#8221; width_last_edited=&#8221;on|phone&#8221; custom_margin=&#8221;0px||0px||false|false&#8221; custom_margin_tablet=&#8221;0px||0px||false|false&#8221; custom_margin_phone=&#8221;||||false|false&#8221; custom_margin_last_edited=&#8221;on|phone&#8221; custom_padding=&#8221;0px||0px||false|false&#8221; global_colors_info=&#8221;{}&#8221;][\/et_pb_divider][et_pb_text _builder_version=&#8221;4.14.6&#8243; _module_preset=&#8221;default&#8221; text_font=&#8221;|300||on|||||&#8221; text_font_size=&#8221;18px&#8221; max_width=&#8221;38%&#8221; max_width_tablet=&#8221;70%&#8221; max_width_phone=&#8221;100%&#8221; max_width_last_edited=&#8221;on|phone&#8221; custom_margin_tablet=&#8221;&#8221; custom_margin_phone=&#8221;||20px||false|false&#8221; custom_margin_last_edited=&#8221;on|desktop&#8221; custom_padding=&#8221;||||false|false&#8221; global_colors_info=&#8221;{}&#8221;]<\/p>\n<p>Unit of<br \/>Advanced Bioimaging<\/p>\n<p>[\/et_pb_text][\/et_pb_column][\/et_pb_row][\/et_pb_section][et_pb_section fb_built=&#8221;1&#8243; _builder_version=&#8221;4.14.6&#8243; _module_preset=&#8221;default&#8221; custom_padding=&#8221;0px||0px||false|false&#8221; animation_style=&#8221;fade&#8221; animation_duration=&#8221;500ms&#8221; global_colors_info=&#8221;{}&#8221;][et_pb_row column_structure=&#8221;1_3,1_3,1_3&#8243; use_custom_gutter=&#8221;on&#8221; gutter_width=&#8221;1&#8243; custom_padding_last_edited=&#8221;on|phone&#8221; module_class=&#8221;df-buttons &#8221; _builder_version=&#8221;4.14.6&#8243; _module_preset=&#8221;default&#8221; max_width=&#8221;75%&#8221; custom_margin=&#8221;||0px||false|false&#8221; custom_margin_tablet=&#8221;||0px||false|false&#8221; custom_margin_phone=&#8221;0px||0px||false|false&#8221; custom_margin_last_edited=&#8221;on|phone&#8221; custom_padding=&#8221;18px||0px||false|false&#8221; custom_padding_tablet=&#8221;18px||0px||false|false&#8221; custom_padding_phone=&#8221;2px||||false|false&#8221; border_width_bottom=&#8221;1px&#8221; border_color_bottom=&#8221;#005293&#8243; global_colors_info=&#8221;{}&#8221;][et_pb_column type=&#8221;1_3&#8243; _builder_version=&#8221;4.14.6&#8243; _module_preset=&#8221;default&#8221; global_colors_info=&#8221;{}&#8221;][et_pb_button button_text=&#8221;Education&#8221; button_alignment=&#8221;center&#8221; button_text_tablet=&#8221;Education&#8221; button_text_phone=&#8221;Education&#8221; button_text_last_edited=&#8221;on|desktop&#8221; module_class=&#8221;df-button dfc-educacion&#8221; _builder_version=&#8221;4.14.6&#8243; _module_preset=&#8221;default&#8221; custom_button=&#8221;on&#8221; button_text_size=&#8221;16px&#8221; button_text_color=&#8221;#005293&#8243; button_bg_color=&#8221;rgba(0,82,147,0.16)&#8221; button_border_width=&#8221;0px&#8221; button_border_color=&#8221;#005293&#8243; button_border_radius=&#8221;0px&#8221; button_font=&#8221;|700|||||||&#8221; button_use_icon=&#8221;off&#8221; transform_scale=&#8221;97%|97%&#8221; custom_padding=&#8221;10px||10px||false|false&#8221; custom_css_main_element=&#8221;width: 100% !important;&#8221; global_colors_info=&#8221;{}&#8221; button_text_color__hover_enabled=&#8221;on|desktop&#8221; button_text_color__hover=&#8221;#FFFFFF&#8221; button_bg_color__hover_enabled=&#8221;on|hover&#8221; button_bg_color__hover=&#8221;#005293&#8243; button_bg_enable_color__hover=&#8221;on&#8221;][\/et_pb_button][\/et_pb_column][et_pb_column type=&#8221;1_3&#8243; _builder_version=&#8221;4.14.6&#8243; _module_preset=&#8221;default&#8221; global_colors_info=&#8221;{}&#8221;][et_pb_button button_text=&#8221;Research areas&#8221; button_alignment=&#8221;center&#8221; module_class=&#8221;dfc-areas df-button&#8221; _builder_version=&#8221;4.14.6&#8243; _module_preset=&#8221;default&#8221; custom_button=&#8221;on&#8221; button_text_size=&#8221;16px&#8221; button_text_color=&#8221;#005293&#8243; button_bg_color=&#8221;rgba(0,82,147,0.16)&#8221; button_border_width=&#8221;0px&#8221; button_border_color=&#8221;#005293&#8243; button_border_radius=&#8221;0px&#8221; button_font=&#8221;|700|||||||&#8221; button_use_icon=&#8221;off&#8221; transform_scale=&#8221;97%|97%&#8221; custom_padding=&#8221;10px||10px||false|false&#8221; custom_css_main_element=&#8221;width: 100% !important;&#8221; global_colors_info=&#8221;{}&#8221; button_text_color__hover_enabled=&#8221;on|desktop&#8221; button_text_color__hover=&#8221;#FFFFFF&#8221; button_bg_color__hover_enabled=&#8221;on|hover&#8221; button_bg_color__hover=&#8221;#005293&#8243; button_bg_enable_color__hover=&#8221;on&#8221;][\/et_pb_button][\/et_pb_column][et_pb_column type=&#8221;1_3&#8243; _builder_version=&#8221;4.14.6&#8243; _module_preset=&#8221;default&#8221; global_colors_info=&#8221;{}&#8221;][et_pb_button button_text=&#8221;Relevant publications&#8221; button_alignment=&#8221;center&#8221; module_class=&#8221;dfc-publicaciones df-button&#8221; _builder_version=&#8221;4.14.6&#8243; _module_preset=&#8221;default&#8221; custom_button=&#8221;on&#8221; button_text_size=&#8221;16px&#8221; button_text_color=&#8221;#005293&#8243; button_bg_color=&#8221;rgba(0,82,147,0.16)&#8221; button_border_width=&#8221;0px&#8221; button_border_color=&#8221;#005293&#8243; button_border_radius=&#8221;0px&#8221; button_font=&#8221;|700|||||||&#8221; button_use_icon=&#8221;off&#8221; transform_scale=&#8221;97%|97%&#8221; custom_padding=&#8221;10px||10px||false|false&#8221; custom_css_main_element=&#8221;width: 100% !important;&#8221; global_colors_info=&#8221;{}&#8221; button_text_color__hover_enabled=&#8221;on|desktop&#8221; button_text_color__hover=&#8221;#FFFFFF&#8221; button_bg_color__hover_enabled=&#8221;on|hover&#8221; button_bg_color__hover=&#8221;#005293&#8243; button_bg_enable_color__hover=&#8221;on&#8221;][\/et_pb_button][\/et_pb_column][\/et_pb_row][\/et_pb_section][et_pb_section fb_built=&#8221;1&#8243; module_class=&#8221;df-rows df-area dfc-educacion&#8221; _builder_version=&#8221;4.14.6&#8243; _module_preset=&#8221;default&#8221; custom_margin=&#8221;0px||||false|false&#8221; custom_padding=&#8221;15px||||false|false&#8221; animation_style=&#8221;fade&#8221; animation_duration=&#8221;600ms&#8221; global_colors_info=&#8221;{}&#8221;][et_pb_row module_class=&#8221;dfc-educacion&#8221; _builder_version=&#8221;4.14.6&#8243; _module_preset=&#8221;default&#8221; max_width=&#8221;75%&#8221; global_colors_info=&#8221;{}&#8221;][et_pb_column type=&#8221;4_4&#8243; _builder_version=&#8221;4.14.6&#8243; _module_preset=&#8221;default&#8221; global_colors_info=&#8221;{}&#8221;][et_pb_text _builder_version=&#8221;4.14.6&#8243; _module_preset=&#8221;default&#8221; width=&#8221;100%&#8221; custom_padding=&#8221;|21px||21px|false|true&#8221; global_colors_info=&#8221;{}&#8221;]<\/p>\n<ul>\n<li>BSc Biochemistry, Faculty of Sciences, University of the Republic, Uruguay (1999 \u2013 2009).<\/li>\n<li>PhD Biology, Biochemistry option. \u201cPulmonary Surfactant during Acute Lung Injury: From the pathophysiology to the biophysical aspects of its dysfunction\u201d, University of the Republic, Uruguay (2009 \u2013 2014).<\/li>\n<li>PostDoc Biophysics\/Biomedical Engineering, \u00abDevelopment of spectroscopy tools using lifetime and hyperspectral imaging for addressing biology quantitatively\u00bb, Laboratory for Fluorescence Dynamics, University of California at Irvine, USA (2015-2019).<\/li>\n<\/ul>\n<p>[\/et_pb_text][\/et_pb_column][\/et_pb_row][et_pb_row module_class=&#8221;dfc-areas&#8221; _builder_version=&#8221;4.14.6&#8243; _module_preset=&#8221;default&#8221; max_width=&#8221;75%&#8221; global_colors_info=&#8221;{}&#8221;][et_pb_column type=&#8221;4_4&#8243; _builder_version=&#8221;4.14.6&#8243; _module_preset=&#8221;default&#8221; global_colors_info=&#8221;{}&#8221;][et_pb_text _builder_version=&#8221;4.14.6&#8243; _module_preset=&#8221;default&#8221; width=&#8221;100%&#8221; custom_padding=&#8221;|21px||21px|false|true&#8221; global_colors_info=&#8221;{}&#8221;]<\/p>\n<ul>\n<li>FLIM<\/li>\n<li>Hyperspectral imaging<\/li>\n<li>Phasor Plots<\/li>\n<li>Fiber-optic based instruments<\/li>\n<li>Fluorescent Probes<\/li>\n<li>Biophysics of the cellular interior<\/li>\n<li>Energy metabolism and autofluorescence<\/li>\n<\/ul>\n<p>[\/et_pb_text][\/et_pb_column][\/et_pb_row][et_pb_row module_class=&#8221;dfc-publicaciones&#8221; _builder_version=&#8221;4.14.6&#8243; _module_preset=&#8221;default&#8221; max_width=&#8221;75%&#8221; global_colors_info=&#8221;{}&#8221;][et_pb_column type=&#8221;4_4&#8243; _builder_version=&#8221;4.14.6&#8243; _module_preset=&#8221;default&#8221; global_colors_info=&#8221;{}&#8221;][et_pb_text _builder_version=&#8221;4.14.6&#8243; _module_preset=&#8221;default&#8221; ul_line_height=&#8221;1.7em&#8221; width=&#8221;100%&#8221; custom_padding=&#8221;|21px||21px|false|true&#8221; global_colors_info=&#8221;{}&#8221;]<\/p>\n<ul>\n<li>Phasor-based hyperspectral snapshot microscopy allows fast imaging of live, three-dimensional tissues for biomedical applications. Hedde PN, Cinco R, Malacrida L, Kamaid A, Gratton E.Commun Biol. 2021 Jun 11;4(1):721. doi: 10.1038\/s42003-021-02266-z.<\/li>\n<li>The Phasor Plot: A Universal Circle to Advance Fluorescence Lifetime Analysis and Interpretation. Malacrida L, Ranjit S, Jameson DM, Gratton E.Annu Rev Biophys. 2021 May 6;50:575-593. doi: 10.1146\/annurev-biophys-062920-063631.<\/li>\n<li>A global view of standards for open image data formats and repositories. Swedlow JR, Kankaanp\u00e4\u00e4 P, Sarkans U, Goscinski W, Galloway G, Malacrida L, Sullivan RP, H\u00e4rtel S, Brown CM, Wood C, Keppler A, Paina F, Loos B, Zullino S, Longo DL, Aime S, Onami S.Nat Methods. 2021 May 4. doi: 10.1038\/s41592-021-01113-7.<\/li>\n<li>LAURDAN since Weber: The Quest for Visualizing Membrane Heterogeneity. Gunther G, Malacrida L, Jameson DM, Gratton E, S\u00e1nchez SA.Acc Chem Res. 2021 Feb 16;54(4):976-987. doi: 10.1021\/acs.accounts.0c00687.<\/li>\n<li>CAPRYDAA, an anthracene dye analog to LAURDAN: a comparative study using cuvette and microscopy. Castro-Castillo V, Gajardo J, Sandoval-Altamirano C, Gratton E, Sanchez S, Malacrida L, Gunther G.J Mater Chem B. 2020 Jan 7;8(1):88-99. doi: 10.1039\/c9tb01738k.<\/li>\n<li>The DIVER Microscope for Imaging in Scattering Media. Dvornikov A, Malacrida L, Gratton E.Methods Protoc. 2019 Jun 21;2(2):53. doi: 10.3390\/mps2020053.<\/li>\n<li>LAURDAN fluorescence and phasor plots reveal the effects of a H2O2 bolus in NIH-3T3 fibroblast membranes dynamics and hydration. Malacrida L, Gratton E.Free Radic Biol Med. 2018 Nov 20;128:144-156. doi: 10.1016\/j.freeradbiomed.2018.06.004.<\/li>\n<li>Fit-free analysis of fluorescence lifetime imaging data using the phasor approach. Ranjit S, Malacrida L, Jameson DM, Gratton E.Nat Protoc. 2018 Sep;13(9):1979-2004. doi: 10.1038\/s41596-018-0026-5.<\/li>\n<li>Comparison between iMSD and 2D-pCF analysis for molecular motion studies on in vivo cells: The case of the epidermal growth factor receptor. Malacrida L, Rao E, Gratton E.Methods. 2018 May 1;140-141:74-84. doi: 10.1016\/j.ymeth.2018.01.010.<\/li>\n<li>Visualization of barriers and obstacles to molecular diffusion in live cells by spatial pair-cross-correlation in two dimensions. Malacrida L, Hedde PN, Ranjit S, Cardarelli F, Gratton E.Biomed Opt Express. 2017 Dec 20;9(1):303-321. doi: 10.1364\/BOE.9.000303.<\/li>\n<li>A multidimensional phasor approach reveals LAURDAN photophysics in NIH-3T3 cell membranes. Malacrida L, Jameson DM, Gratton E.Sci Rep. 2017 Aug 23;7(1):9215. doi: 10.1038\/s41598-017-08564-z.<\/li>\n<\/ul>\n<p>[\/et_pb_text][\/et_pb_column][\/et_pb_row][\/et_pb_section]<\/p>\n","protected":false},"excerpt":{"rendered":"<p>Leonel Malacrida Leonel Malacrida, PhD lmalacrida@pasteur.edu.uy Unit ofAdvanced Bioimaging BSc Biochemistry, Faculty of Sciences, University of the Republic, Uruguay (1999 \u2013 2009). PhD Biology, Biochemistry option. \u201cPulmonary Surfactant during Acute Lung Injury: From the pathophysiology to the biophysical aspects of its dysfunction\u201d, University of the Republic, Uruguay (2009 \u2013 2014). PostDoc Biophysics\/Biomedical Engineering, \u00abDevelopment of [&hellip;]<\/p>\n","protected":false},"author":8,"featured_media":0,"parent":3590,"menu_order":0,"comment_status":"closed","ping_status":"closed","template":"","meta":{"_acf_changed":false,"_et_pb_use_builder":"on","_et_pb_old_content":"","_et_gb_content_width":"","footnotes":""},"dipi_cpt_category":[],"class_list":["post-5214","page","type-page","status-publish","hentry"],"acf":[],"_links":{"self":[{"href":"https:\/\/pasteur.uy\/en\/wp-json\/wp\/v2\/pages\/5214","targetHints":{"allow":["GET"]}}],"collection":[{"href":"https:\/\/pasteur.uy\/en\/wp-json\/wp\/v2\/pages"}],"about":[{"href":"https:\/\/pasteur.uy\/en\/wp-json\/wp\/v2\/types\/page"}],"author":[{"embeddable":true,"href":"https:\/\/pasteur.uy\/en\/wp-json\/wp\/v2\/users\/8"}],"replies":[{"embeddable":true,"href":"https:\/\/pasteur.uy\/en\/wp-json\/wp\/v2\/comments?post=5214"}],"version-history":[{"count":5,"href":"https:\/\/pasteur.uy\/en\/wp-json\/wp\/v2\/pages\/5214\/revisions"}],"predecessor-version":[{"id":7499,"href":"https:\/\/pasteur.uy\/en\/wp-json\/wp\/v2\/pages\/5214\/revisions\/7499"}],"up":[{"embeddable":true,"href":"https:\/\/pasteur.uy\/en\/wp-json\/wp\/v2\/pages\/3590"}],"wp:attachment":[{"href":"https:\/\/pasteur.uy\/en\/wp-json\/wp\/v2\/media?parent=5214"}],"wp:term":[{"taxonomy":"dipi_cpt_category","embeddable":true,"href":"https:\/\/pasteur.uy\/en\/wp-json\/wp\/v2\/dipi_cpt_category?post=5214"}],"curies":[{"name":"wp","href":"https:\/\/api.w.org\/{rel}","templated":true}]}}