{"id":5299,"date":"2022-04-04T18:15:36","date_gmt":"2022-04-04T18:15:36","guid":{"rendered":"https:\/\/pasteur.uy\/heads-of-labs-and-units\/andres-abin\/"},"modified":"2022-05-12T19:45:34","modified_gmt":"2022-05-12T19:45:34","slug":"andres-abin","status":"publish","type":"page","link":"https:\/\/pasteur.uy\/en\/heads-of-labs-and-units\/andres-abin\/","title":{"rendered":"Andr\u00e9s Abin"},"content":{"rendered":"<p>[et_pb_section fb_built=&#8221;1&#8243; _builder_version=&#8221;4.14.6&#8243; _module_preset=&#8221;default&#8221; custom_margin=&#8221;||||false|false&#8221; custom_margin_last_edited=&#8221;off|desktop&#8221; custom_padding=&#8221;||0px||false|false&#8221; global_colors_info=&#8221;{}&#8221;][et_pb_row column_structure=&#8221;1_3,2_3&#8243; use_custom_gutter=&#8221;on&#8221; gutter_width=&#8221;2&#8243; _builder_version=&#8221;4.14.6&#8243; _module_preset=&#8221;default&#8221; max_width=&#8221;75%&#8221; custom_margin=&#8221;||||false|false&#8221; custom_margin_tablet=&#8221;||||false|false&#8221; custom_margin_phone=&#8221;||||false|false&#8221; custom_margin_last_edited=&#8221;on|desktop&#8221; custom_padding=&#8221;||10px||false|false&#8221; animation_style=&#8221;fade&#8221; animation_duration=&#8221;300ms&#8221; global_colors_info=&#8221;{}&#8221;][et_pb_column type=&#8221;1_3&#8243; _builder_version=&#8221;4.14.4&#8243; _module_preset=&#8221;default&#8221; global_colors_info=&#8221;{}&#8221;][et_pb_image src=&#8221;https:\/\/pasteur.uy\/wp-content\/uploads\/2022\/01\/Abin-Andres.jpg&#8221; title_text=&#8221;Ab\u00edn, Andr\u00e9s&#8221; _builder_version=&#8221;4.14.6&#8243; _module_preset=&#8221;default&#8221; max_width=&#8221;75%&#8221; global_colors_info=&#8221;{}&#8221;][\/et_pb_image][\/et_pb_column][et_pb_column type=&#8221;2_3&#8243; _builder_version=&#8221;4.14.4&#8243; _module_preset=&#8221;default&#8221; global_colors_info=&#8221;{}&#8221;][et_pb_text _builder_version=&#8221;4.14.6&#8243; _module_preset=&#8221;default&#8221; text_font=&#8221;|700|||||||&#8221; text_font_size=&#8221;21px&#8221; header_font=&#8221;|700|||||||&#8221; header_text_color=&#8221;#005293&#8243; header_font_size=&#8221;39px&#8221; custom_margin=&#8221;||0px||false|false&#8221; custom_padding=&#8221;||0px||false|false&#8221; global_colors_info=&#8221;{}&#8221;]<\/p>\n<h1>Andr\u00e9s Abin<\/h1>\n<p>[\/et_pb_text][et_pb_text _builder_version=&#8221;4.14.6&#8243; _module_preset=&#8221;default&#8221; custom_margin=&#8221;||0px||false|false&#8221; custom_padding=&#8221;||0px||false|false&#8221; global_colors_info=&#8221;{}&#8221;]<\/p>\n<p class=\"et_pb_member_position et-fb-editable-element et-fb-editable-element__editing\" data-shortcode-id=\"0.0.0.0-1643373697362\" data-quickaccess-id=\"position\" contenteditable=\"true\">PHC Andr\u00e9s Abin, PhD<\/p>\n<div data-shortcode-id=\"0.0.0.0-1643374141066\" data-quickaccess-id=\"body\" data-quickaccess-editable=\"yes\" class=\"et-fb-popover-tinymce\">\n<div class=\"mce-content-body\" contenteditable=\"true\" style=\"position: relative;\">\n<p>\n                <a href=\"mailto:aabin@pasteur.edu.uy\">aabin@pasteur.edu.uy<\/a>\n              <\/p>\n<\/p><\/div>\n<\/p><\/div>\n<p>[\/et_pb_text][et_pb_divider color=&#8221;#ce8e00&#8243; divider_position=&#8221;center&#8221; divider_weight=&#8221;3px&#8221; _builder_version=&#8221;4.14.6&#8243; _module_preset=&#8221;default&#8221; width=&#8221;7%&#8221; width_tablet=&#8221;13%&#8221; width_phone=&#8221;15%&#8221; width_last_edited=&#8221;on|phone&#8221; custom_margin=&#8221;0px||0px||false|false&#8221; custom_margin_tablet=&#8221;0px||0px||false|false&#8221; custom_margin_phone=&#8221;||||false|false&#8221; custom_margin_last_edited=&#8221;on|phone&#8221; custom_padding=&#8221;0px||0px||false|false&#8221; global_colors_info=&#8221;{}&#8221;][\/et_pb_divider][et_pb_text _builder_version=&#8221;4.14.6&#8243; _module_preset=&#8221;default&#8221; text_font=&#8221;|300||on|||||&#8221; text_font_size=&#8221;18px&#8221; max_width=&#8221;38%&#8221; max_width_tablet=&#8221;70%&#8221; max_width_phone=&#8221;100%&#8221; max_width_last_edited=&#8221;on|phone&#8221; custom_margin_tablet=&#8221;&#8221; custom_margin_phone=&#8221;||20px||false|false&#8221; custom_margin_last_edited=&#8221;on|desktop&#8221; custom_padding=&#8221;||||false|false&#8221; hover_enabled=&#8221;0&#8243; global_colors_info=&#8221;{}&#8221; sticky_enabled=&#8221;0&#8243;]<\/p>\n<p>Biopharmaceutical Laboratory<\/p>\n<p>[\/et_pb_text][\/et_pb_column][\/et_pb_row][\/et_pb_section][et_pb_section fb_built=&#8221;1&#8243; _builder_version=&#8221;4.14.6&#8243; _module_preset=&#8221;default&#8221; custom_margin_tablet=&#8221;&#8221; custom_margin_phone=&#8221;&#8221; custom_margin_last_edited=&#8221;on|phone&#8221; custom_padding=&#8221;0px||0px||false|false&#8221; animation_style=&#8221;fade&#8221; animation_duration=&#8221;500ms&#8221; global_colors_info=&#8221;{}&#8221;][et_pb_row column_structure=&#8221;1_3,1_3,1_3&#8243; use_custom_gutter=&#8221;on&#8221; gutter_width=&#8221;1&#8243; custom_padding_last_edited=&#8221;on|phone&#8221; module_class=&#8221;df-buttons &#8221; _builder_version=&#8221;4.14.6&#8243; _module_preset=&#8221;default&#8221; max_width=&#8221;75%&#8221; custom_margin=&#8221;||0px||false|false&#8221; custom_margin_tablet=&#8221;||0px||false|false&#8221; custom_margin_phone=&#8221;||0px||false|false&#8221; custom_margin_last_edited=&#8221;on|phone&#8221; custom_padding=&#8221;18px||0px||false|false&#8221; custom_padding_tablet=&#8221;18px||0px||false|false&#8221; custom_padding_phone=&#8221;2px||||false|false&#8221; border_width_bottom=&#8221;1px&#8221; border_color_bottom=&#8221;#005293&#8243; global_colors_info=&#8221;{}&#8221;][et_pb_column type=&#8221;1_3&#8243; _builder_version=&#8221;4.14.6&#8243; _module_preset=&#8221;default&#8221; global_colors_info=&#8221;{}&#8221;][et_pb_button button_text=&#8221;Education&#8221; button_alignment=&#8221;center&#8221; button_text_tablet=&#8221;Education&#8221; button_text_phone=&#8221;Education&#8221; button_text_last_edited=&#8221;on|desktop&#8221; module_class=&#8221;df-button dfc-educacion&#8221; _builder_version=&#8221;4.14.6&#8243; _module_preset=&#8221;default&#8221; custom_button=&#8221;on&#8221; button_text_size=&#8221;16px&#8221; button_text_color=&#8221;#005293&#8243; button_bg_color=&#8221;rgba(0,82,147,0.16)&#8221; button_border_width=&#8221;0px&#8221; button_border_color=&#8221;#005293&#8243; button_border_radius=&#8221;0px&#8221; button_font=&#8221;|700|||||||&#8221; button_use_icon=&#8221;off&#8221; transform_scale=&#8221;97%|97%&#8221; custom_padding=&#8221;10px||10px||false|false&#8221; custom_css_main_element=&#8221;width: 100% !important;&#8221; global_colors_info=&#8221;{}&#8221; button_text_color__hover_enabled=&#8221;on|desktop&#8221; button_text_color__hover=&#8221;#FFFFFF&#8221; button_bg_color__hover_enabled=&#8221;on|hover&#8221; button_bg_color__hover=&#8221;#005293&#8243; button_bg_enable_color__hover=&#8221;on&#8221;][\/et_pb_button][\/et_pb_column][et_pb_column type=&#8221;1_3&#8243; _builder_version=&#8221;4.14.6&#8243; _module_preset=&#8221;default&#8221; global_colors_info=&#8221;{}&#8221;][et_pb_button button_text=&#8221;Research areas&#8221; button_alignment=&#8221;center&#8221; module_class=&#8221;dfc-areas df-button&#8221; _builder_version=&#8221;4.14.6&#8243; _module_preset=&#8221;default&#8221; custom_button=&#8221;on&#8221; button_text_size=&#8221;16px&#8221; button_text_color=&#8221;#005293&#8243; button_bg_color=&#8221;rgba(0,82,147,0.16)&#8221; button_border_width=&#8221;0px&#8221; button_border_color=&#8221;#005293&#8243; button_border_radius=&#8221;0px&#8221; button_font=&#8221;|700|||||||&#8221; button_use_icon=&#8221;off&#8221; transform_scale=&#8221;97%|97%&#8221; custom_padding=&#8221;10px||10px||false|false&#8221; custom_css_main_element=&#8221;width: 100% !important;&#8221; global_colors_info=&#8221;{}&#8221; button_text_color__hover_enabled=&#8221;on|desktop&#8221; button_text_color__hover=&#8221;#FFFFFF&#8221; button_bg_color__hover_enabled=&#8221;on|hover&#8221; button_bg_color__hover=&#8221;#005293&#8243; button_bg_enable_color__hover=&#8221;on&#8221;][\/et_pb_button][\/et_pb_column][et_pb_column type=&#8221;1_3&#8243; _builder_version=&#8221;4.14.6&#8243; _module_preset=&#8221;default&#8221; global_colors_info=&#8221;{}&#8221;][et_pb_button button_text=&#8221;Relevant publications&#8221; button_alignment=&#8221;center&#8221; module_class=&#8221;dfc-publicaciones df-button&#8221; _builder_version=&#8221;4.14.6&#8243; _module_preset=&#8221;default&#8221; custom_button=&#8221;on&#8221; button_text_size=&#8221;16px&#8221; button_text_color=&#8221;#005293&#8243; button_bg_color=&#8221;rgba(0,82,147,0.16)&#8221; button_border_width=&#8221;0px&#8221; button_border_color=&#8221;#005293&#8243; button_border_radius=&#8221;0px&#8221; button_font=&#8221;|700|||||||&#8221; button_use_icon=&#8221;off&#8221; transform_scale=&#8221;97%|97%&#8221; custom_padding=&#8221;10px||10px||false|false&#8221; custom_css_main_element=&#8221;width: 100% !important;&#8221; global_colors_info=&#8221;{}&#8221; button_text_color__hover_enabled=&#8221;on|desktop&#8221; button_text_color__hover=&#8221;#FFFFFF&#8221; button_bg_color__hover_enabled=&#8221;on|hover&#8221; button_bg_color__hover=&#8221;#005293&#8243; button_bg_enable_color__hover=&#8221;on&#8221;][\/et_pb_button][\/et_pb_column][\/et_pb_row][\/et_pb_section][et_pb_section fb_built=&#8221;1&#8243; module_class=&#8221;df-rows df-area dfc-educacion&#8221; _builder_version=&#8221;4.14.6&#8243; _module_preset=&#8221;default&#8221; custom_margin=&#8221;0px||||false|false&#8221; custom_padding=&#8221;15px||||false|false&#8221; animation_style=&#8221;fade&#8221; animation_duration=&#8221;600ms&#8221; global_colors_info=&#8221;{}&#8221;][et_pb_row module_class=&#8221;dfc-educacion&#8221; _builder_version=&#8221;4.14.6&#8243; _module_preset=&#8221;default&#8221; max_width=&#8221;75%&#8221; global_colors_info=&#8221;{}&#8221;][et_pb_column type=&#8221;4_4&#8243; _builder_version=&#8221;4.14.6&#8243; _module_preset=&#8221;default&#8221; global_colors_info=&#8221;{}&#8221;][et_pb_text _builder_version=&#8221;4.14.6&#8243; _module_preset=&#8221;default&#8221; width=&#8221;100%&#8221; custom_padding=&#8221;|21px||21px|false|true&#8221; global_colors_info=&#8221;{}&#8221;]<\/p>\n<ul>\n<li>PhD in Chmistry, Chemistry Faculty, Pedeciba, Udelar (2004-2010).<\/li>\n<li>Pharmaceutical chemist, Chemistry Faculty, Udelar (1993-2001).<\/li>\n<\/ul>\n<p>[\/et_pb_text][\/et_pb_column][\/et_pb_row][et_pb_row module_class=&#8221;dfc-areas&#8221; _builder_version=&#8221;4.14.6&#8243; _module_preset=&#8221;default&#8221; max_width=&#8221;75%&#8221; global_colors_info=&#8221;{}&#8221;][et_pb_column type=&#8221;4_4&#8243; _builder_version=&#8221;4.14.6&#8243; _module_preset=&#8221;default&#8221; global_colors_info=&#8221;{}&#8221;][et_pb_text _builder_version=&#8221;4.14.6&#8243; _module_preset=&#8221;default&#8221; width=&#8221;100%&#8221; custom_padding=&#8221;|21px||21px|false|true&#8221; global_colors_info=&#8221;{}&#8221;]<\/p>\n<ul>\n<li>Bioanalytical methods<\/li>\n<li>Biopharmaceutical<\/li>\n<li>Quality Control<\/li>\n<li>Biotechnology<\/li>\n<\/ul>\n<p>[\/et_pb_text][\/et_pb_column][\/et_pb_row][et_pb_row module_class=&#8221;dfc-publicaciones&#8221; _builder_version=&#8221;4.14.6&#8243; _module_preset=&#8221;default&#8221; max_width=&#8221;75%&#8221; global_colors_info=&#8221;{}&#8221;][et_pb_column type=&#8221;4_4&#8243; _builder_version=&#8221;4.14.6&#8243; _module_preset=&#8221;default&#8221; global_colors_info=&#8221;{}&#8221;][et_pb_text _builder_version=&#8221;4.14.6&#8243; _module_preset=&#8221;default&#8221; ul_line_height=&#8221;1.7em&#8221; width=&#8221;100%&#8221; custom_padding=&#8221;|21px||21px|false|true&#8221; global_colors_info=&#8221;{}&#8221;]<\/p>\n<ul>\n<li>Purification, structural elucidation, antioxidant capacity and neuroprotective potential of the main polyphenolic compounds contained in Achyrocline satureioides (Lam) D.C. (Compositae). Mart\u00ednez-Busi M, Arredondo F, Gonz\u00e1lez D, Echeverry C, Vega-Teijido MA, Carvalho D, Rodr\u00edguez-Haralambides A, Rivera F, Dajas F, Abin-Carriquiry JA. Bioorg Med Chem. 2019 Jun 15;27(12):2579-2591.<\/li>\n<li>Alterations in the Gut Microbiota of Rats Chronically Exposed to Volatilized Cocaine and Its Active Adulterants Caffeine and Phenacetin. Scorza C, Piccini C, Mart\u00ednez Busi M, Abin Carriquiry JA, Zunino P. Neurotox Res. 2019 Jan;35(1):111-121.<\/li>\n<li>Identification and Quantification of Cocaine and Active Adulterants in Coca-Paste Seized Samples: Useful Scientific Support to Health Care. Abin-Carriquiry JA, Mart\u00ednez-Busi M, Galvalisi M, Minteguiaga M, Prieto JP, Scorza MC. Neurotox Res. 2018 Aug;34(2):295-304.<\/li>\n<li>Structural evidence of quercetin multi-target bioactivity: A reverse virtual screening strategy. Carvalho D, Paulino M, Polticelli F, Arredondo F, Williams RJ, Abin-Carriquiry JA. Eur J Pharm Sci. 2017 Aug 30;106:393-403<\/li>\n<li>After cellular internalization, quercetin causes Nrf2 nuclear translocation, increases glutathione levels, and prevents neuronal death against an oxidative insult. Arredondo F, Echeverry C, Abin-Carriquiry JA, Blasina F, Ant\u00fanez K, Jones DP, Go YM, Liang YL, Dajas F. Free Radic Biol Med. 2010 Sep 1;49(5):738-47.<\/li>\n<li>In silico characterization of cytisinoids docked into an acetylcholine binding protein. Abin-Carriquiry JA, Zunini MP, Cassels BK, Wonnacott S, Dajas F. Bioorg Med Chem Lett. 2010 Jun 15;20(12):3683-7.<\/li>\n<li>Nicotine prevents striatal dopamine loss produced by 6-hydroxydopamine lesion in the substantia nigra. Costa G, Abin-Carriquiry JA, Dajas F. Brain Res. 2001 Jan 12;888(2):336-342.<\/li>\n<\/ul>\n<p>[\/et_pb_text][\/et_pb_column][\/et_pb_row][\/et_pb_section]<\/p>\n","protected":false},"excerpt":{"rendered":"<p>Andr\u00e9s AbinPHC Andr\u00e9s Abin, PhD aabin@pasteur.edu.uy Biopharmaceutical Laboratory PhD in Chmistry, Chemistry Faculty, Pedeciba, Udelar (2004-2010). Pharmaceutical chemist, Chemistry Faculty, Udelar (1993-2001). Bioanalytical methods Biopharmaceutical Quality Control Biotechnology Purification, structural elucidation, antioxidant capacity and neuroprotective potential of the main polyphenolic compounds contained in Achyrocline satureioides (Lam) D.C. (Compositae). Mart\u00ednez-Busi M, Arredondo F, Gonz\u00e1lez D, Echeverry [&hellip;]<\/p>\n","protected":false},"author":8,"featured_media":0,"parent":3590,"menu_order":0,"comment_status":"closed","ping_status":"closed","template":"","meta":{"_acf_changed":false,"_et_pb_use_builder":"on","_et_pb_old_content":"","_et_gb_content_width":"","footnotes":""},"dipi_cpt_category":[],"class_list":["post-5299","page","type-page","status-publish","hentry"],"acf":[],"_links":{"self":[{"href":"https:\/\/pasteur.uy\/en\/wp-json\/wp\/v2\/pages\/5299","targetHints":{"allow":["GET"]}}],"collection":[{"href":"https:\/\/pasteur.uy\/en\/wp-json\/wp\/v2\/pages"}],"about":[{"href":"https:\/\/pasteur.uy\/en\/wp-json\/wp\/v2\/types\/page"}],"author":[{"embeddable":true,"href":"https:\/\/pasteur.uy\/en\/wp-json\/wp\/v2\/users\/8"}],"replies":[{"embeddable":true,"href":"https:\/\/pasteur.uy\/en\/wp-json\/wp\/v2\/comments?post=5299"}],"version-history":[{"count":4,"href":"https:\/\/pasteur.uy\/en\/wp-json\/wp\/v2\/pages\/5299\/revisions"}],"predecessor-version":[{"id":6008,"href":"https:\/\/pasteur.uy\/en\/wp-json\/wp\/v2\/pages\/5299\/revisions\/6008"}],"up":[{"embeddable":true,"href":"https:\/\/pasteur.uy\/en\/wp-json\/wp\/v2\/pages\/3590"}],"wp:attachment":[{"href":"https:\/\/pasteur.uy\/en\/wp-json\/wp\/v2\/media?parent=5299"}],"wp:term":[{"taxonomy":"dipi_cpt_category","embeddable":true,"href":"https:\/\/pasteur.uy\/en\/wp-json\/wp\/v2\/dipi_cpt_category?post=5299"}],"curies":[{"name":"wp","href":"https:\/\/api.w.org\/{rel}","templated":true}]}}