{"id":6162,"date":"2022-05-13T18:04:57","date_gmt":"2022-05-13T18:04:57","guid":{"rendered":"https:\/\/pasteur.uy\/heads-of-labs-and-units\/bernardina-rivera\/"},"modified":"2022-05-13T19:22:29","modified_gmt":"2022-05-13T19:22:29","slug":"bernardina-rivera","status":"publish","type":"page","link":"https:\/\/pasteur.uy\/en\/heads-of-labs-and-units\/bernardina-rivera\/","title":{"rendered":"Bernardina Rivera"},"content":{"rendered":"<p>[et_pb_section fb_built=&#8221;1&#8243; _builder_version=&#8221;4.14.6&#8243; _module_preset=&#8221;default&#8221; custom_margin=&#8221;||||false|false&#8221; custom_margin_last_edited=&#8221;off|desktop&#8221; custom_padding=&#8221;||0px||false|false&#8221; global_colors_info=&#8221;{}&#8221;][et_pb_row column_structure=&#8221;1_3,2_3&#8243; use_custom_gutter=&#8221;on&#8221; gutter_width=&#8221;2&#8243; _builder_version=&#8221;4.14.6&#8243; _module_preset=&#8221;default&#8221; max_width=&#8221;75%&#8221; custom_margin=&#8221;||||false|false&#8221; custom_margin_tablet=&#8221;||||false|false&#8221; custom_margin_phone=&#8221;||||false|false&#8221; custom_margin_last_edited=&#8221;on|desktop&#8221; custom_padding=&#8221;||10px||false|false&#8221; animation_style=&#8221;fade&#8221; animation_duration=&#8221;300ms&#8221; global_colors_info=&#8221;{}&#8221;][et_pb_column type=&#8221;1_3&#8243; _builder_version=&#8221;4.14.4&#8243; _module_preset=&#8221;default&#8221; global_colors_info=&#8221;{}&#8221;][et_pb_image src=&#8221;https:\/\/pasteur.uy\/wp-content\/uploads\/2022\/01\/Rivera-Bernardina-1.jpg&#8221; title_text=&#8221;Rivera, Bernardina&#8221; _builder_version=&#8221;4.14.6&#8243; _module_preset=&#8221;default&#8221; max_width=&#8221;75%&#8221; global_colors_info=&#8221;{}&#8221;][\/et_pb_image][\/et_pb_column][et_pb_column type=&#8221;2_3&#8243; _builder_version=&#8221;4.14.4&#8243; _module_preset=&#8221;default&#8221; global_colors_info=&#8221;{}&#8221;][et_pb_text _builder_version=&#8221;4.14.6&#8243; _module_preset=&#8221;default&#8221; text_font=&#8221;|700|||||||&#8221; text_font_size=&#8221;21px&#8221; header_font=&#8221;|700|||||||&#8221; header_text_color=&#8221;#005293&#8243; header_font_size=&#8221;39px&#8221; custom_margin=&#8221;||0px||false|false&#8221; custom_padding=&#8221;||0px||false|false&#8221; global_colors_info=&#8221;{}&#8221;]<\/p>\n<h1>Bernardina Rivera<\/h1>\n<p>[\/et_pb_text][et_pb_text _builder_version=&#8221;4.14.6&#8243; _module_preset=&#8221;default&#8221; custom_margin=&#8221;||0px||false|false&#8221; custom_padding=&#8221;||0px||false|false&#8221; global_colors_info=&#8221;{}&#8221;]<\/p>\n<p class=\"et_pb_member_position et-fb-editable-element et-fb-editable-element__editing\" data-shortcode-id=\"0.0.0.0-1643373697362\" data-quickaccess-id=\"position\" contenteditable=\"true\">Bernardina Rivera, MSc<\/p>\n<div data-shortcode-id=\"0.0.0.0-1643374141066\" data-quickaccess-id=\"body\" data-quickaccess-editable=\"yes\" class=\"et-fb-popover-tinymce\">\n<div class=\"mce-content-body\" contenteditable=\"true\" style=\"position: relative;\">\n<p>\n                <a href=\"mailto:brivera@pasteur.edu.uy\">brivera@pasteur.edu.uy<\/a>\n              <\/p>\n<\/p><\/div>\n<\/p><\/div>\n<p>[\/et_pb_text][et_pb_divider color=&#8221;#ce8e00&#8243; divider_position=&#8221;center&#8221; divider_weight=&#8221;3px&#8221; _builder_version=&#8221;4.14.6&#8243; _module_preset=&#8221;default&#8221; width=&#8221;7%&#8221; width_tablet=&#8221;13%&#8221; width_phone=&#8221;15%&#8221; width_last_edited=&#8221;on|phone&#8221; custom_margin=&#8221;0px||0px||false|false&#8221; custom_margin_tablet=&#8221;0px||0px||false|false&#8221; custom_margin_phone=&#8221;||||false|false&#8221; custom_margin_last_edited=&#8221;on|phone&#8221; custom_padding=&#8221;0px||0px||false|false&#8221; global_colors_info=&#8221;{}&#8221;][\/et_pb_divider][et_pb_text _builder_version=&#8221;4.14.6&#8243; _module_preset=&#8221;default&#8221; text_font=&#8221;|300||on|||||&#8221; text_font_size=&#8221;18px&#8221; max_width=&#8221;38%&#8221; max_width_tablet=&#8221;70%&#8221; max_width_phone=&#8221;100%&#8221; max_width_last_edited=&#8221;on|phone&#8221; custom_margin_tablet=&#8221;&#8221; custom_margin_phone=&#8221;||20px||false|false&#8221; custom_margin_last_edited=&#8221;on|desktop&#8221; custom_padding=&#8221;||||false|false&#8221; hover_enabled=&#8221;0&#8243; global_colors_info=&#8221;{}&#8221; sticky_enabled=&#8221;0&#8243;]<\/p>\n<p>Molecular diagnostic<br \/>Laboratory<\/p>\n<p>[\/et_pb_text][\/et_pb_column][\/et_pb_row][\/et_pb_section][et_pb_section fb_built=&#8221;1&#8243; _builder_version=&#8221;4.14.6&#8243; _module_preset=&#8221;default&#8221; custom_margin_tablet=&#8221;&#8221; custom_margin_phone=&#8221;&#8221; custom_margin_last_edited=&#8221;on|phone&#8221; custom_padding=&#8221;0px||0px||false|false&#8221; animation_style=&#8221;fade&#8221; animation_duration=&#8221;500ms&#8221; global_colors_info=&#8221;{}&#8221;][et_pb_row column_structure=&#8221;1_3,1_3,1_3&#8243; use_custom_gutter=&#8221;on&#8221; gutter_width=&#8221;1&#8243; custom_padding_last_edited=&#8221;on|phone&#8221; module_class=&#8221;df-buttons &#8221; _builder_version=&#8221;4.14.6&#8243; _module_preset=&#8221;default&#8221; max_width=&#8221;75%&#8221; custom_margin=&#8221;||0px||false|false&#8221; custom_margin_tablet=&#8221;||0px||false|false&#8221; custom_margin_phone=&#8221;||0px||false|false&#8221; custom_margin_last_edited=&#8221;on|phone&#8221; custom_padding=&#8221;18px||0px||false|false&#8221; custom_padding_tablet=&#8221;18px||0px||false|false&#8221; custom_padding_phone=&#8221;2px||||false|false&#8221; border_width_bottom=&#8221;1px&#8221; border_color_bottom=&#8221;#005293&#8243; global_colors_info=&#8221;{}&#8221;][et_pb_column type=&#8221;1_3&#8243; _builder_version=&#8221;4.14.6&#8243; _module_preset=&#8221;default&#8221; global_colors_info=&#8221;{}&#8221;][et_pb_button button_text=&#8221;Education&#8221; button_alignment=&#8221;center&#8221; button_text_tablet=&#8221;Education&#8221; button_text_phone=&#8221;Education&#8221; button_text_last_edited=&#8221;on|desktop&#8221; module_class=&#8221;df-button dfc-educacion&#8221; _builder_version=&#8221;4.14.6&#8243; _module_preset=&#8221;default&#8221; custom_button=&#8221;on&#8221; button_text_size=&#8221;16px&#8221; button_text_color=&#8221;#005293&#8243; button_bg_color=&#8221;rgba(0,82,147,0.16)&#8221; button_border_width=&#8221;0px&#8221; button_border_color=&#8221;#005293&#8243; button_border_radius=&#8221;0px&#8221; button_font=&#8221;|700|||||||&#8221; button_use_icon=&#8221;off&#8221; transform_scale=&#8221;97%|97%&#8221; custom_padding=&#8221;10px||10px||false|false&#8221; custom_css_main_element=&#8221;width: 100% !important;&#8221; global_colors_info=&#8221;{}&#8221; button_text_color__hover_enabled=&#8221;on|desktop&#8221; button_text_color__hover=&#8221;#FFFFFF&#8221; button_bg_color__hover_enabled=&#8221;on|hover&#8221; button_bg_color__hover=&#8221;#005293&#8243; button_bg_enable_color__hover=&#8221;on&#8221;][\/et_pb_button][\/et_pb_column][et_pb_column type=&#8221;1_3&#8243; _builder_version=&#8221;4.14.6&#8243; _module_preset=&#8221;default&#8221; global_colors_info=&#8221;{}&#8221;][et_pb_button button_text=&#8221;Areas&#8221; button_alignment=&#8221;center&#8221; module_class=&#8221;dfc-areas df-button&#8221; _builder_version=&#8221;4.14.6&#8243; _module_preset=&#8221;default&#8221; custom_button=&#8221;on&#8221; button_text_size=&#8221;16px&#8221; button_text_color=&#8221;#005293&#8243; button_bg_color=&#8221;rgba(0,82,147,0.16)&#8221; button_border_width=&#8221;0px&#8221; button_border_color=&#8221;#005293&#8243; button_border_radius=&#8221;0px&#8221; button_font=&#8221;|700|||||||&#8221; button_use_icon=&#8221;off&#8221; transform_scale=&#8221;97%|97%&#8221; custom_padding=&#8221;10px||10px||false|false&#8221; custom_css_main_element=&#8221;width: 100% !important;&#8221; global_colors_info=&#8221;{}&#8221; button_text_color__hover_enabled=&#8221;on|desktop&#8221; button_text_color__hover=&#8221;#FFFFFF&#8221; button_bg_color__hover_enabled=&#8221;on|hover&#8221; button_bg_color__hover=&#8221;#005293&#8243; button_bg_enable_color__hover=&#8221;on&#8221;][\/et_pb_button][\/et_pb_column][et_pb_column type=&#8221;1_3&#8243; _builder_version=&#8221;4.14.6&#8243; _module_preset=&#8221;default&#8221; global_colors_info=&#8221;{}&#8221;][et_pb_button button_text=&#8221;Relevant publications&#8221; button_alignment=&#8221;center&#8221; module_class=&#8221;dfc-publicaciones df-button&#8221; _builder_version=&#8221;4.14.6&#8243; _module_preset=&#8221;default&#8221; custom_button=&#8221;on&#8221; button_text_size=&#8221;16px&#8221; button_text_color=&#8221;#005293&#8243; button_bg_color=&#8221;rgba(0,82,147,0.16)&#8221; button_border_width=&#8221;0px&#8221; button_border_color=&#8221;#005293&#8243; button_border_radius=&#8221;0px&#8221; button_font=&#8221;|700|||||||&#8221; button_use_icon=&#8221;off&#8221; transform_scale=&#8221;97%|97%&#8221; custom_padding=&#8221;10px||10px||false|false&#8221; custom_css_main_element=&#8221;width: 100% !important;&#8221; global_colors_info=&#8221;{}&#8221; button_text_color__hover_enabled=&#8221;on|desktop&#8221; button_text_color__hover=&#8221;#FFFFFF&#8221; button_bg_color__hover_enabled=&#8221;on|hover&#8221; button_bg_color__hover=&#8221;#005293&#8243; button_bg_enable_color__hover=&#8221;on&#8221;][\/et_pb_button][\/et_pb_column][\/et_pb_row][\/et_pb_section][et_pb_section fb_built=&#8221;1&#8243; module_class=&#8221;df-rows df-area dfc-educacion&#8221; _builder_version=&#8221;4.14.6&#8243; _module_preset=&#8221;default&#8221; custom_margin=&#8221;0px||||false|false&#8221; custom_padding=&#8221;15px||||false|false&#8221; animation_style=&#8221;fade&#8221; animation_duration=&#8221;600ms&#8221; global_colors_info=&#8221;{}&#8221;][et_pb_row module_class=&#8221;dfc-educacion&#8221; _builder_version=&#8221;4.14.6&#8243; _module_preset=&#8221;default&#8221; max_width=&#8221;75%&#8221; global_colors_info=&#8221;{}&#8221;][et_pb_column type=&#8221;4_4&#8243; _builder_version=&#8221;4.14.6&#8243; _module_preset=&#8221;default&#8221; global_colors_info=&#8221;{}&#8221;][et_pb_text _builder_version=&#8221;4.14.6&#8243; _module_preset=&#8221;default&#8221; width=&#8221;100%&#8221; custom_padding=&#8221;|21px||21px|false|true&#8221; global_colors_info=&#8221;{}&#8221;]<\/p>\n<ul>\n<li>Quality Specialist, UNIT (in progress).<\/li>\n<li>Master in Chemistry, Faculty of Chemistry, UDELAR (2018).<\/li>\n<li>Clinical Biochemist, Faculty of Chemistry, UDELAR (2014).<\/li>\n<li>Bachelor of Biochemistry, Faculty of Science, UDELAR (2012).<\/li>\n<\/ul>\n<p>[\/et_pb_text][\/et_pb_column][\/et_pb_row][et_pb_row module_class=&#8221;dfc-areas&#8221; _builder_version=&#8221;4.14.6&#8243; _module_preset=&#8221;default&#8221; max_width=&#8221;75%&#8221; global_colors_info=&#8221;{}&#8221;][et_pb_column type=&#8221;4_4&#8243; _builder_version=&#8221;4.14.6&#8243; _module_preset=&#8221;default&#8221; global_colors_info=&#8221;{}&#8221;][et_pb_text _builder_version=&#8221;4.14.6&#8243; _module_preset=&#8221;default&#8221; width=&#8221;100%&#8221; custom_padding=&#8221;|21px||21px|false|true&#8221; global_colors_info=&#8221;{}&#8221;]<\/p>\n<ul>\n<li>Proteomic techniques<\/li>\n<li>Molecular biology techniques<\/li>\n<li>Clinical laboratory<\/li>\n<\/ul>\n<p>[\/et_pb_text][\/et_pb_column][\/et_pb_row][et_pb_row module_class=&#8221;dfc-publicaciones&#8221; _builder_version=&#8221;4.14.6&#8243; _module_preset=&#8221;default&#8221; max_width=&#8221;75%&#8221; global_colors_info=&#8221;{}&#8221;][et_pb_column type=&#8221;4_4&#8243; _builder_version=&#8221;4.14.6&#8243; _module_preset=&#8221;default&#8221; global_colors_info=&#8221;{}&#8221;][et_pb_text _builder_version=&#8221;4.14.6&#8243; _module_preset=&#8221;default&#8221; ul_line_height=&#8221;1.7em&#8221; width=&#8221;100%&#8221; custom_padding=&#8221;|21px||21px|false|true&#8221; global_colors_info=&#8221;{}&#8221;]<\/p>\n<ul>\n<li>M. Gil, A. Lima, B. Rivera, J. Rossello, E. Urd\u00e1niz, A. Cascioferro, F. Carri\u00f3n, A. Wehenkel, M. Bellinzoni, C. Batthy\u00e1ny, O. Pritsch, A. Denicola, M. Alvarez, M.N. Lisa, R. Brosch, M. Piuri, P. M. Alzari, R. Dur\u00e1n. New substrates of the mycobacterial Serine\/Threonine protein kinase PknG identified by a tailored interactomic approach. Journal of Proteomics. 2019 Feb 10;192:321-333. doi: 10.1016\/j.jprot.2018.09.013. Epub 2018 Sep 27.<\/li>\n<li>B. Rivera, A. Leyva, M.M. Portela, G. Moratorio, P.Moreno, R. Duran, A. Lima. Quantitativeproteomic dataset from oro- and nasopharyngeal swabs used for COVID-19 diagnosis: detection of viral proteins and host&#8217;s biological processes altered by the infection. Elsevier, Data in Brief. 2020 Agosto. https:\/\/doi.org\/10.1016\/j.dib.2020.106121<\/li>\n<li>A.Lima , A. Leyva , B. Rivera , M. M. Portela , M. Gil , A. Cascioferro, M.N. Lisa, A. Wehenkel, M. Bellinzoni, P. C. Carvalho, C. Batthyany, M. N. Alvarez, R. Brosch, P. M. Alzari, R. Duran. Proteome remodeling in the Mycobacterium tuberculosis PknG knockout: Molecular evidence for the role of this kinase in cell envelope biogenesis and hypoxia response. Journa of Proteomics 244 (2021) 104276. https:\/\/doi. org\/10.1016\/j.jprot.2021.104276<\/li>\n<li>Emergence and spread of a B.1.1.28-derived lineage with Q675H and Q677H Spike mutations in Uruguay. Authors: Natalia Rego, Cecilia Salazar, Mercedes Paz, Alicia Cost\u00e1bile, Alvaro Fajardo, Ignacio Ferr\u00e9s, Paula Perbolianachis, Tamara Fern\u00e1ndez-Calero, Veronica Noya, Matias Machado, Rodrigo Arce, Mailen Arleo, Tania Possi, Natalia Reyes, Maria Noel Bentancor, Andr\u00e9s Lizasoain, Viviana Bortagaray, Ana Moller, Odhille Chappos, Nicolas Nin, Javier Hurtado, Melissa Duqu\u00eda, Maria Belen Gonzalez, Luciana Griffero, Mauricio M\u00e9ndez, Maria Pia Techera, Juan Zanetti, Bernardina Rivera, Mat\u00edas Maidana, Martina Alonso, Cecilia Alonso, Julio Medina, Henry Albornoz, Rodney Colina, Gonzalo Bello, Pilar Moreno , Gonzalo Moratorio , Gregorio Iraola , Lucia Spangenberg * Received: 28 July 2021 Manuscript ID: viruses-1338885<\/li>\n<\/ul>\n<p>[\/et_pb_text][\/et_pb_column][\/et_pb_row][\/et_pb_section]<\/p>\n","protected":false},"excerpt":{"rendered":"<p>Bernardina RiveraBernardina Rivera, MSc brivera@pasteur.edu.uy Molecular diagnosticLaboratory Quality Specialist, UNIT (in progress). Master in Chemistry, Faculty of Chemistry, UDELAR (2018). Clinical Biochemist, Faculty of Chemistry, UDELAR (2014). Bachelor of Biochemistry, Faculty of Science, UDELAR (2012). Proteomic techniques Molecular biology techniques Clinical laboratory M. Gil, A. Lima, B. Rivera, J. Rossello, E. Urd\u00e1niz, A. Cascioferro, F. [&hellip;]<\/p>\n","protected":false},"author":8,"featured_media":0,"parent":3590,"menu_order":0,"comment_status":"closed","ping_status":"closed","template":"","meta":{"_acf_changed":false,"_et_pb_use_builder":"on","_et_pb_old_content":"","_et_gb_content_width":"","footnotes":""},"dipi_cpt_category":[],"class_list":["post-6162","page","type-page","status-publish","hentry"],"acf":[],"_links":{"self":[{"href":"https:\/\/pasteur.uy\/en\/wp-json\/wp\/v2\/pages\/6162","targetHints":{"allow":["GET"]}}],"collection":[{"href":"https:\/\/pasteur.uy\/en\/wp-json\/wp\/v2\/pages"}],"about":[{"href":"https:\/\/pasteur.uy\/en\/wp-json\/wp\/v2\/types\/page"}],"author":[{"embeddable":true,"href":"https:\/\/pasteur.uy\/en\/wp-json\/wp\/v2\/users\/8"}],"replies":[{"embeddable":true,"href":"https:\/\/pasteur.uy\/en\/wp-json\/wp\/v2\/comments?post=6162"}],"version-history":[{"count":5,"href":"https:\/\/pasteur.uy\/en\/wp-json\/wp\/v2\/pages\/6162\/revisions"}],"predecessor-version":[{"id":6198,"href":"https:\/\/pasteur.uy\/en\/wp-json\/wp\/v2\/pages\/6162\/revisions\/6198"}],"up":[{"embeddable":true,"href":"https:\/\/pasteur.uy\/en\/wp-json\/wp\/v2\/pages\/3590"}],"wp:attachment":[{"href":"https:\/\/pasteur.uy\/en\/wp-json\/wp\/v2\/media?parent=6162"}],"wp:term":[{"taxonomy":"dipi_cpt_category","embeddable":true,"href":"https:\/\/pasteur.uy\/en\/wp-json\/wp\/v2\/dipi_cpt_category?post=6162"}],"curies":[{"name":"wp","href":"https:\/\/api.w.org\/{rel}","templated":true}]}}